{"id":1113,"date":"2022-06-15T11:15:43","date_gmt":"2022-06-15T09:15:43","guid":{"rendered":"https:\/\/aquatag.igb-berlin.de\/?page_id=1113"},"modified":"2022-09-30T18:11:33","modified_gmt":"2022-09-30T16:11:33","slug":"abschlussveranstaltung","status":"publish","type":"page","link":"https:\/\/aquatag.igb-berlin.de\/en\/abschlussveranstaltung\/","title":{"rendered":"Final event"},"content":{"rendered":"<h2 class=\"wp-block-heading\"> Public final AQUATAG event: Recreation at water bodies - human relaxed, water body stressed? <\/h2>\n\n\n\n<figure class=\"wp-block-image\"><img loading=\"lazy\" decoding=\"async\" width=\"662\" height=\"378\" src=\"https:\/\/aquatag.igb-berlin.de\/wp-content\/uploads\/2022\/06\/save_the_date_pic.png\" alt=\"\" class=\"wp-image-1115\" srcset=\"https:\/\/aquatag.igb-berlin.de\/wp-content\/uploads\/2022\/06\/save_the_date_pic.png 662w, https:\/\/aquatag.igb-berlin.de\/wp-content\/uploads\/2022\/06\/save_the_date_pic-150x86.png 150w, https:\/\/aquatag.igb-berlin.de\/wp-content\/uploads\/2022\/06\/save_the_date_pic-300x171.png 300w\" sizes=\"auto, (max-width: 662px) 100vw, 662px\" \/><\/figure>\n\n\n\n<p>Verbringen Sie gerne Ihre Freizeit an Gew\u00e4ssern? Haben Sie sich jemals nach Ihrem \u201e\u00f6kologischen Paddelabdruck\u201c gefragt? Sind Bade- oder Angeleinschr\u00e4nkungen vor dem Hintergrund des Umweltschutzes an den Gew\u00e4ssern eigentlich wissenschaftlich gerechtfertigt?<\/p>\n\n\n\n<p>Etwa 60  Interessensvertreterinnen und -vertreter aus Verb\u00e4nden, Beh\u00f6rden und Wissenschaft aus den Bereichen Wassersport, Bootsfahren, Angeln, Fischerei, Wassertourismus und Naturschutz haben a, 31.8. und 1.9.2022 diese und andere Fragen gemeinsam mit den Forscherinnen und Forschern aus AQUATAG diskutiert. <\/p>\n\n\n\n<p>In einer Reihe von Kurzvortr\u00e4gen wurden die Ergebnisse aus den Themenbereichen \u00f6kologische Effekte, Vorlieben und Konflikte, raum-zeitliche Nutzungsmuster sowie Vorhersage und Management pr\u00e4sentiert und anschlie\u00dfend zur Debatte gestellt. In teils intensiven Diskussionen zeigten die Teilnehmenden reges Interesse an den behandelten Themen und best\u00e4tigten somit deren Relevanz in allen vertretenen Sektoren. Nachfolgend finden Sie die Dokumentation der Veranstaltung sowie die Pr\u00e4sentationen der Veranstaltung zum Download.<\/p>\n\n\n\n<p><a href=\"https:\/\/aquatag.igb-berlin.de\/wp-content\/uploads\/2022\/09\/Dokumentation_AQUATAG_Abschlussveranstaltung.pdf\" target=\"_blank\" rel=\"noreferrer noopener\" aria-label=\"Dokumentation der Veranstaltung (\u00f6ffnet in neuem Tab)\">Dokumentation der Veranstaltung<\/a><\/p>\n\n\n\n<p><strong>Themenblock: \u00d6kologische Effekte<\/strong><\/p>\n\n\n\n<p>Gestresste Pflanzen und gestresste Tiere: M\u00fcssen sich Pflanzen und Tiere von unserem Badeausflug und unserer Bootstour erholen? Lassen sich bleibende Beeintr\u00e4chtigungen feststellen, die eine Nutzungseinschr\u00e4nkung rechtfertigen?<\/p>\n\n\n\n<p><strong>Vortr\u00e4ge:<\/strong><\/p>\n\n\n\n<ul class=\"wp-block-list\"><li> <a rel=\"noreferrer noopener\" aria-label=\"\u00dcberblick \u00fcber das Projekt AQUATAG (\u00f6ffnet in neuem Tab)\" href=\"https:\/\/aquatag.igb-berlin.de\/wp-content\/uploads\/2022\/09\/0_AQUATAG_Venohr_Projekt\u00fcberblick.pdf\" target=\"_blank\">\u00dcberblick \u00fcber das Projekt AQUATAG<\/a> \u2013 <em>Markus Venohr, IGB<\/em><\/li><li><a href=\"https:\/\/www.ifishman.de\/publikationen\/einzelansicht\/2078-ecological-impacts-of-water-based-recreational-activities-on-freshwater-ecosystems-a-global-met\/\" target=\"_blank\" rel=\"noreferrer noopener\" aria-label=\"Meta-Analyse \u2013 \u00d6kologische Auswirkungen der Gew\u00e4sserfreizeit an Binnengew\u00e4ssern (\u00f6ffnet in neuem Tab)\">Meta-Analyse \u2013 \u00d6kologische Auswirkungen der Gew\u00e4sserfreizeit an Binnengew\u00e4ssern<\/a> \u2013 <em>Robert Arlinghaus, IGB<\/em><\/li><li><a rel=\"noreferrer noopener\" aria-label=\"Ein Tag am See \u2013 Sonne satt, Pflanzen platt? (\u00f6ffnet in neuem Tab)\" href=\"https:\/\/aquatag.igb-berlin.de\/wp-content\/uploads\/2022\/09\/2_AQUATAG_Meyer_Sonne_satt_Pflanzen_platt.pdf\" target=\"_blank\">Ein Tag am See \u2013 Sonne satt, Pflanzen platt?<\/a> \u2013 <em>Nora Meyer, TU Dresden<\/em><\/li><li><a rel=\"noreferrer noopener\" aria-label=\"Freizeitbootfahren auf Binnengew\u00e4ssern \u2013 Wechselseitige Beziehung oder einseitige Belastung? (\u00f6ffnet in neuem Tab)\" href=\"https:\/\/aquatag.igb-berlin.de\/wp-content\/uploads\/2022\/09\/3_AQUATAG_Wegner_Freizeitbootfahren-auf-Binnengew\u00e4ssern.pdf\" target=\"_blank\">Freizeitbootfahren auf Binnengew\u00e4ssern \u2013 Wechselseitige Beziehung oder einseitige Belastung?<\/a> \u2013 <em>Benjamin Wegner, IGB<\/em><\/li><li><a rel=\"noreferrer noopener\" aria-label=\"St\u00f6rt Paddeln den Eisvogel in seinem Brutverhalten? (\u00f6ffnet in neuem Tab)\" href=\"https:\/\/aquatag.igb-berlin.de\/wp-content\/uploads\/2022\/09\/4_AQUATAG_Venohr_St\u00f6rt_Paddeln_den_Eisvogel.pdf\" target=\"_blank\">St\u00f6rt Paddeln den Eisvogel in seinem Brutverhalten?<\/a> \u2013 <em>Markus Venohr, IGB<\/em><\/li><li><a rel=\"noreferrer noopener\" aria-label=\"Wirkt sich Unterwasserl\u00e4rm auf das aquatische Tierleben aus? (\u00f6ffnet in neuem Tab)\" href=\"https:\/\/aquatag.igb-berlin.de\/wp-content\/uploads\/2022\/09\/5_AQUATAG_Goncalves_Effekt_von_Unterwasserl\u00e4rm_auf_aquatisches_Tierleben.pdf\" target=\"_blank\">Wirkt sich Unterwasserl\u00e4rm auf das aquatische Tierleben aus?<\/a> \u2013 <em>Markus Venohr, IGB<\/em><\/li><li><a rel=\"noreferrer noopener\" aria-label=\"Schnipps und weg? Der Weg des Nikotins in die Berliner Gew\u00e4sser (\u00f6ffnet in neuem Tab)\" href=\"https:\/\/aquatag.igb-berlin.de\/wp-content\/uploads\/2022\/09\/6_AQUATAG_Beusch_Nikotin_in_Berliner_Gew\u00e4ssern.pdf\" target=\"_blank\">Schnipps und weg? Der Weg des Nikotins in die Berliner Gew\u00e4sser<\/a> <em>\u2013 Christine Beusch, IGB<\/em><\/li><li><a rel=\"noreferrer noopener\" aria-label=\"Analyse der \u00f6kologischen Belastungen durch motorisierte Schifffahrt auf Seen in Deutschland: Erste Ergebnisse des Projektes SuBoLakes (\u00f6ffnet in neuem Tab)\" href=\"https:\/\/aquatag.igb-berlin.de\/wp-content\/uploads\/2022\/09\/7_AQUATAG_Neubauer_Projekt_Subolakes.pdf\" target=\"_blank\">Analyse der \u00f6kologischen Belastungen durch motorisierte Schifffahrt auf Seen in Deutschland: Erste Ergebnisse des Projektes SuBoLakes<\/a> \u2013 <em>Darshan Neubauer, Landesamt f\u00fcr Umwelt Brandenburg<\/em><\/li><\/ul>\n\n\n\n<p><\/p>\n\n\n\n<p><strong>Themenblock: Vorlieben\nund Konflikte<\/strong><\/p>\n\n\n\n<p>Was macht Angler zufrieden? Wie wichtig ist der \u00f6kologische Zustand von Gew\u00e4ssern? Wann und wo waren Sie zum letzten Mal an einem Gew\u00e4sser? Wir haben 10.000 Menschen zu ihren Vorlieben und St\u00f6rfaktoren bei der gew\u00e4ssernahen Freizeitgestaltung befragt.<\/p>\n\n\n\n<p><strong>Vortr\u00e4ge: <\/strong><\/p>\n\n\n\n<ul class=\"wp-block-list\"><li><a rel=\"noreferrer noopener\" aria-label=\"Was machen die Deutschen wann und wo an den Gew\u00e4ssern? Was sind ihre Vorlieben und St\u00f6rfaktoren? (\u00f6ffnet in neuem Tab)\" href=\"https:\/\/aquatag.igb-berlin.de\/wp-content\/uploads\/2022\/09\/8_AQUATAG_Becker_was_machen_die_Deutschen_an_Gew\u00e4ssern.pdf\" target=\"_blank\">Was machen die Deutschen wann und wo an den Gew\u00e4ssern? Was sind ihre Vorlieben und St\u00f6rfaktoren?<\/a> \u2013 <em>Oliver Becker, TU Berlin<\/em><\/li><li><a rel=\"noreferrer noopener\" aria-label=\"Synergien zwischen \u00d6kologie und Freizeitnutzung: Mythos oder Wirklichkeit? (\u00f6ffnet in neuem Tab)\" href=\"https:\/\/aquatag.igb-berlin.de\/wp-content\/uploads\/2022\/09\/9_AQUATAG_Kail_Synergien_zwischen_\u00d6kologie_und_Freizeitnutzung.pdf\" target=\"_blank\">Synergien zwischen \u00d6kologie und Freizeitnutzung: Mythos oder Wirklichkeit?<\/a> <em>\u2013 Jochem Kail, Uni Duisburg-Essen<\/em><\/li><li><a href=\"https:\/\/www.ifishman.de\/publikationen\/einzelansicht\/2019-recreational-angler-satisfaction-what-drives-it\/\" target=\"_blank\" rel=\"noreferrer noopener\" aria-label=\"Welche Faktoren sind f\u00fcr die Anglerzufriedenheit ausschlaggebend? (\u00f6ffnet in neuem Tab)\">Welche Faktoren sind f\u00fcr die Anglerzufriedenheit ausschlaggebend?<\/a> \u2013 <em>Robert Arlinghaus, IGB<\/em><\/li><\/ul>\n\n\n\n<p><\/p>\n\n\n\n<p><strong>Themenblock: Raum-zeitliche Nutzungsmuster<\/strong> <\/p>\n\n\n\n<p>Sommer, Sonne, See und soziale Medien \u2013 Wie k\u00f6nnen Twitter, STRAVA und Nutzerz\u00e4hlungen dazu beitragen, Gew\u00e4ssernutzungen besser zu verstehen? <\/p>\n\n\n\n<p><strong>Vortr\u00e4ge:<\/strong><\/p>\n\n\n\n<ul class=\"wp-block-list\"><li><a rel=\"noreferrer noopener\" aria-label=\"Wo und wann zwitschert es fr\u00f6hlich am Gew\u00e4sser? Twitter, Temperaturen und Stimmung der Menschen (\u00f6ffnet in neuem Tab)\" href=\"https:\/\/aquatag.igb-berlin.de\/wp-content\/uploads\/2022\/09\/11_AQUATAG_Venohr_Twitter.pdf\" target=\"_blank\">Wo und wann zwitschert es fr\u00f6hlich am Gew\u00e4sser? Twitter, Temperaturen und Stimmung der Menschen<\/a> \u2013 <em>Markus Venohr, IGB<\/em><\/li><li><a rel=\"noreferrer noopener\" aria-label=\"Hitze und Heatmaps \u2013 Wie sich Laufen und Radeln \u00fcber das Jahr und in der Pandemie ver\u00e4ndert haben (\u00f6ffnet in neuem Tab)\" href=\"https:\/\/aquatag.igb-berlin.de\/wp-content\/uploads\/2022\/09\/12_AQUATAG_Podschun_Hitze_und_Heatmaps.pdf\" target=\"_blank\">Hitze und Heatmaps \u2013 Wie sich Laufen und Radeln \u00fcber das Jahr und in der Pandemie ver\u00e4ndert haben<\/a> \u2013 <em>Simone Podschun, IGB<\/em><\/li><li><a rel=\"noreferrer noopener\" aria-label=\"Vorhersage von Radverkehr mit Fitness-Tracker-Daten \u2013 Zuverl\u00e4ssig oder Schuss ins Blaue? (\u00f6ffnet in neuem Tab)\" href=\"https:\/\/aquatag.igb-berlin.de\/wp-content\/uploads\/2022\/09\/13_AQUATAG_Jean-Louis_Vorhersage_Radverkehr_mit_Fitnesstrackern.pdf\" target=\"_blank\">Vorhersage von Radverkehr mit Fitness-Tracker-Daten \u2013 Zuverl\u00e4ssig oder Schuss ins Blaue?<\/a> \u2013 <em>Gilles Jean-Louis, IGB<\/em><\/li><li><a href=\"https:\/\/aquatag.igb-berlin.de\/wp-content\/uploads\/2022\/09\/14_AQUATAG_Podschun_R\u00e4umliche_Nutzungsmuster_Rudersport.pdf\" target=\"_blank\" rel=\"noreferrer noopener\" aria-label=\"Row, row, row the boat \u2013 R\u00e4umliche Nutzungsmuster des Rudersports in Deutschland (\u00f6ffnet in neuem Tab)\">Row, row, row the boat \u2013 R\u00e4umliche Nutzungsmuster des Rudersports in Deutschland<\/a> \u2013 <em>Simone Podschun, IGB<\/em><\/li><\/ul>\n\n\n\n<p><\/p>\n\n\n\n<p><strong>Workshop: Vorhersage\nund Management<\/strong><\/p>\n\n\n\n<p><strong>Vortr\u00e4ge:&nbsp;&nbsp;&nbsp; <\/strong><\/p>\n\n\n\n<ul class=\"wp-block-list\"><li><a rel=\"noreferrer noopener\" aria-label=\"Agenten in Badehose? Wie ein Modell hilft, die Effizienz von Besucherlenkungs-Strategien zu bewerten (\u00f6ffnet in neuem Tab)\" href=\"https:\/\/aquatag.igb-berlin.de\/wp-content\/uploads\/2022\/09\/15_AQUATAG_Kerkow_Agenten_in_Badehose.pdf\" target=\"_blank\">Agenten in Badehose? Wie ein Modell hilft, die Effizienz von Besucherlenkungs-Strategien zu bewerten<\/a> \u2013 <em>Antje Kerkow, IGB<\/em><\/li><li><a rel=\"noreferrer noopener\" aria-label=\"Einz\u00e4unen geht nicht. Was dann? Zusammenfassung der Managementempfehlungen aus AQUATAG (\u00f6ffnet in neuem Tab)\" href=\"https:\/\/aquatag.igb-berlin.de\/wp-content\/uploads\/2022\/09\/16_AQUATAG_Venohr_Zusammenfassung_Managementimplikationen.pdf\" target=\"_blank\">Einz\u00e4unen geht nicht. Was dann? Zusammenfassung der Managementempfehlungen aus AQUATAG<\/a> \u2013 <em>Markus Venohr, IGB<\/em><\/li><li><a href=\"https:\/\/aquatag.igb-berlin.de\/wp-content\/uploads\/2022\/09\/17_AQUATAG_Kerkow_Managementkonzepte.pdf\" target=\"_blank\" rel=\"noreferrer noopener\" aria-label=\"Management-Konzepte f\u00fcr Binnengew\u00e4sser: Anforderungen, Status Quo, M\u00f6glichkeiten (\u00f6ffnet in neuem Tab)\">Management-Konzepte f\u00fcr Binnengew\u00e4sser: Anforderungen, Status Quo, M\u00f6glichkeiten<\/a>  \u2013 <em>Antje Kerkow, IGB<\/em>  <\/li><\/ul>\n\n\n\n<p><strong>Contact: <\/strong>Sollten Sie Fragen zu der Veranstaltung oder zum Projekt AQUATAG haben, k\u00f6nnen Sie sich gerne an den Projektleiter Dr. Markus Venohr (<a href=\"mailto:markus.venohr@igb-berlin.de\">markus.venohr@igb-berlin.de<\/a>)  wenden.<\/p>","protected":false},"excerpt":{"rendered":"<p>\u00d6ffentliche Abschlussveranstaltung von AQUATAG: Freizeit am Gew\u00e4sser &#8211; Mensch entspannt, Gew\u00e4sser gestresst? Verbringen Sie gerne Ihre Freizeit an Gew\u00e4ssern? Haben Sie sich jemals nach Ihrem \u201e\u00f6kologischen Paddelabdruck\u201c gefragt? Sind Bade- oder Angeleinschr\u00e4nkungen vor dem Hintergrund des Umweltschutzes an den Gew\u00e4ssern eigentlich wissenschaftlich gerechtfertigt? Etwa 60 Interessensvertreterinnen und -vertreter aus Verb\u00e4nden, Beh\u00f6rden und Wissenschaft aus den &hellip; <\/p>\n<p class=\"link-more\"><a href=\"https:\/\/aquatag.igb-berlin.de\/en\/abschlussveranstaltung\/\" class=\"more-link\">Continue reading<span class=\"screen-reader-text\"> &#8220;Abschlussveranstaltung&#8221;<\/span><\/a><\/p>","protected":false},"author":2,"featured_media":0,"parent":0,"menu_order":0,"comment_status":"closed","ping_status":"closed","template":"","meta":{"footnotes":""},"class_list":["post-1113","page","type-page","status-publish","hentry"],"_links":{"self":[{"href":"https:\/\/aquatag.igb-berlin.de\/en\/wp-json\/wp\/v2\/pages\/1113","targetHints":{"allow":["GET"]}}],"collection":[{"href":"https:\/\/aquatag.igb-berlin.de\/en\/wp-json\/wp\/v2\/pages"}],"about":[{"href":"https:\/\/aquatag.igb-berlin.de\/en\/wp-json\/wp\/v2\/types\/page"}],"author":[{"embeddable":true,"href":"https:\/\/aquatag.igb-berlin.de\/en\/wp-json\/wp\/v2\/users\/2"}],"replies":[{"embeddable":true,"href":"https:\/\/aquatag.igb-berlin.de\/en\/wp-json\/wp\/v2\/comments?post=1113"}],"version-history":[{"count":28,"href":"https:\/\/aquatag.igb-berlin.de\/en\/wp-json\/wp\/v2\/pages\/1113\/revisions"}],"predecessor-version":[{"id":1227,"href":"https:\/\/aquatag.igb-berlin.de\/en\/wp-json\/wp\/v2\/pages\/1113\/revisions\/1227"}],"wp:attachment":[{"href":"https:\/\/aquatag.igb-berlin.de\/en\/wp-json\/wp\/v2\/media?parent=1113"}],"curies":[{"name":"wp","href":"https:\/\/api.w.org\/{rel}","templated":true}]}}