{"id":209,"date":"2019-07-23T11:51:20","date_gmt":"2019-07-23T09:51:20","guid":{"rendered":"http:\/\/aquatag.igb-berlin.de\/?page_id=209"},"modified":"2021-06-30T13:32:03","modified_gmt":"2021-06-30T11:32:03","slug":"ap1","status":"publish","type":"page","link":"https:\/\/aquatag.igb-berlin.de\/en\/ap1\/","title":{"rendered":"WP1 - Space-time usage patterns"},"content":{"rendered":"<h2 class=\"wp-block-heading\">Derivation of spatio-temporal usage patterns using geo-referenced information from social media.<\/h2>\n\n\n\n<p>The work package aims at a German-wide and methodologically harmonised analysis of water-related recreational activities. Type, frequency and dynamics of recreational activities and usage densities will be spatially differentiated.<\/p>\n\n\n\n<p>WP 1.1: Evaluation of usage patterns and contents of social media<\/p>\n\n\n\n<p>Many people use social media on a daily basis and leave behind a lot of data, whether consciously or unconsciously. Mostly these are used by companies to find out, for example, how well an advertising campaign is going, how often the company name or logo is used. In the AQUATAG project we want to find out what added value the data from Twitter and Strava could have for the management of our waters. <\/p>\n\n\n\n<p><\/p>\n\n\n\n<div class=\"wp-block-media-text alignwide has-media-on-the-right\" style=\"grid-template-columns:auto 13%\"><figure class=\"wp-block-media-text__media\"><img loading=\"lazy\" decoding=\"async\" width=\"491\" height=\"650\" src=\"https:\/\/aquatag.igb-berlin.de\/wp-content\/uploads\/2019\/09\/aquaTAG-e1569315257787.png\" alt=\"\" class=\"wp-image-606\" srcset=\"https:\/\/aquatag.igb-berlin.de\/wp-content\/uploads\/2019\/09\/aquaTAG-e1569315257787.png 491w, https:\/\/aquatag.igb-berlin.de\/wp-content\/uploads\/2019\/09\/aquaTAG-e1569315257787-113x150.png 113w, https:\/\/aquatag.igb-berlin.de\/wp-content\/uploads\/2019\/09\/aquaTAG-e1569315257787-227x300.png 227w\" sizes=\"auto, (max-width: 491px) 100vw, 491px\" \/><\/figure><div class=\"wp-block-media-text__content\">\n<p>Twitter is an increasingly relevant communication tool. In the AQUATAG project we take a closer look at the 5.3 million users in Germany. In doing so, we analyze the spatial and temporal distribution of tweets and their dependence on e.g. air temperature or water properties. <\/p>\n<\/div><\/div>\n\n\n\n<p>When it comes to running and cycling, STRAVA is one of the most popular apps. The STRAVA heat maps (see pictures around our IGB locations in Berlin) impressively show the usage densities for the different activities. Meanwhile there are many more specific activities that can be tracked with STRAVA as well as activities on the water that are analyzed intensively within the project. <\/p>\n\n\n\n<ul class=\"wp-block-gallery columns-3 is-cropped wp-block-gallery-1 is-layout-flex wp-block-gallery-is-layout-flex\"><li class=\"blocks-gallery-item\"><figure><img loading=\"lazy\" decoding=\"async\" width=\"1024\" height=\"702\" src=\"https:\/\/aquatag.igb-berlin.de\/wp-content\/uploads\/2020\/05\/strava_rides_web-1024x702.png\" alt=\"\" data-id=\"869\" data-link=\"https:\/\/aquatag.igb-berlin.de\/ap1\/attachment\/strava_rides_web\/\" class=\"wp-image-869\" srcset=\"https:\/\/aquatag.igb-berlin.de\/wp-content\/uploads\/2020\/05\/strava_rides_web.png 1024w, https:\/\/aquatag.igb-berlin.de\/wp-content\/uploads\/2020\/05\/strava_rides_web-150x103.png 150w, https:\/\/aquatag.igb-berlin.de\/wp-content\/uploads\/2020\/05\/strava_rides_web-300x206.png 300w, https:\/\/aquatag.igb-berlin.de\/wp-content\/uploads\/2020\/05\/strava_rides_web-768x527.png 768w\" sizes=\"auto, (max-width: 767px) 89vw, (max-width: 1000px) 54vw, (max-width: 1071px) 543px, 580px\" \/><\/figure><\/li><li class=\"blocks-gallery-item\"><figure><img loading=\"lazy\" decoding=\"async\" width=\"1024\" height=\"702\" src=\"https:\/\/aquatag.igb-berlin.de\/wp-content\/uploads\/2020\/05\/strava_runs_web-1024x702.png\" alt=\"\" data-id=\"870\" data-link=\"https:\/\/aquatag.igb-berlin.de\/ap1\/attachment\/strava_runs_web\/\" class=\"wp-image-870\" srcset=\"https:\/\/aquatag.igb-berlin.de\/wp-content\/uploads\/2020\/05\/strava_runs_web.png 1024w, https:\/\/aquatag.igb-berlin.de\/wp-content\/uploads\/2020\/05\/strava_runs_web-150x103.png 150w, https:\/\/aquatag.igb-berlin.de\/wp-content\/uploads\/2020\/05\/strava_runs_web-300x206.png 300w, https:\/\/aquatag.igb-berlin.de\/wp-content\/uploads\/2020\/05\/strava_runs_web-768x527.png 768w\" sizes=\"auto, (max-width: 767px) 89vw, (max-width: 1000px) 54vw, (max-width: 1071px) 543px, 580px\" \/><\/figure><\/li><li class=\"blocks-gallery-item\"><figure><img loading=\"lazy\" decoding=\"async\" width=\"1024\" height=\"702\" src=\"https:\/\/aquatag.igb-berlin.de\/wp-content\/uploads\/2020\/05\/strava_water_web-1024x702.png\" alt=\"\" data-id=\"871\" data-link=\"https:\/\/aquatag.igb-berlin.de\/ap1\/attachment\/strava_water_web\/\" class=\"wp-image-871\" srcset=\"https:\/\/aquatag.igb-berlin.de\/wp-content\/uploads\/2020\/05\/strava_water_web.png 1024w, https:\/\/aquatag.igb-berlin.de\/wp-content\/uploads\/2020\/05\/strava_water_web-150x103.png 150w, https:\/\/aquatag.igb-berlin.de\/wp-content\/uploads\/2020\/05\/strava_water_web-300x206.png 300w, https:\/\/aquatag.igb-berlin.de\/wp-content\/uploads\/2020\/05\/strava_water_web-768x527.png 768w\" sizes=\"auto, (max-width: 767px) 89vw, (max-width: 1000px) 54vw, (max-width: 1071px) 543px, 580px\" \/><\/figure><\/li><\/ul>\n\n\n\n<p>WP 1.2: German-wide surveys on the recreational use of freshwaters<\/p>\n\n\n\n<div class=\"wp-block-media-text alignwide\" style=\"grid-template-columns:9% auto\"><figure class=\"wp-block-media-text__media\"><img loading=\"lazy\" decoding=\"async\" width=\"491\" height=\"650\" src=\"https:\/\/aquatag.igb-berlin.de\/wp-content\/uploads\/2019\/09\/aquaTAG-e1569315257787.png\" alt=\"\" class=\"wp-image-606\" srcset=\"https:\/\/aquatag.igb-berlin.de\/wp-content\/uploads\/2019\/09\/aquaTAG-e1569315257787.png 491w, https:\/\/aquatag.igb-berlin.de\/wp-content\/uploads\/2019\/09\/aquaTAG-e1569315257787-113x150.png 113w, https:\/\/aquatag.igb-berlin.de\/wp-content\/uploads\/2019\/09\/aquaTAG-e1569315257787-227x300.png 227w\" sizes=\"auto, (max-width: 491px) 100vw, 491px\" \/><\/figure><div class=\"wp-block-media-text__content\">\n<p><a href=\"https:\/\/aquatag.igb-berlin.de\/en\/umfragen\/\">Here is more information about the survey<\/a><\/p>\n<\/div><\/div>\n\n\n\n<p>WP 1.3: Evaluation of the statistics collected and provided by associations involved in the project on the activities of their members.<\/p>\n\n\n\n<table class=\"wp-block-table\"><tbody><tr><td><img loading=\"lazy\" decoding=\"async\" width=\"150\" height=\"79\" class=\"wp-image-574\" style=\"width: 150px;\" src=\"https:\/\/aquatag.igb-berlin.de\/wp-content\/uploads\/2019\/09\/IGB_Logo_typoDE_2014_rgb-4.png\" alt=\"\" srcset=\"https:\/\/aquatag.igb-berlin.de\/wp-content\/uploads\/2019\/09\/IGB_Logo_typoDE_2014_rgb-4.png 1338w, https:\/\/aquatag.igb-berlin.de\/wp-content\/uploads\/2019\/09\/IGB_Logo_typoDE_2014_rgb-4-150x79.png 150w, https:\/\/aquatag.igb-berlin.de\/wp-content\/uploads\/2019\/09\/IGB_Logo_typoDE_2014_rgb-4-300x159.png 300w, https:\/\/aquatag.igb-berlin.de\/wp-content\/uploads\/2019\/09\/IGB_Logo_typoDE_2014_rgb-4-768x407.png 768w, https:\/\/aquatag.igb-berlin.de\/wp-content\/uploads\/2019\/09\/IGB_Logo_typoDE_2014_rgb-4-1024x543.png 1024w\" sizes=\"auto, (max-width: 150px) 100vw, 150px\" \/><\/td><td><img loading=\"lazy\" decoding=\"async\" width=\"130\" height=\"130\" class=\"wp-image-587\" style=\"width: 130px;\" src=\"https:\/\/aquatag.igb-berlin.de\/wp-content\/uploads\/2019\/09\/TU_Berlin-4.png\" alt=\"\" srcset=\"https:\/\/aquatag.igb-berlin.de\/wp-content\/uploads\/2019\/09\/TU_Berlin-4.png 408w, https:\/\/aquatag.igb-berlin.de\/wp-content\/uploads\/2019\/09\/TU_Berlin-4-150x150.png 150w, https:\/\/aquatag.igb-berlin.de\/wp-content\/uploads\/2019\/09\/TU_Berlin-4-300x300.png 300w, https:\/\/aquatag.igb-berlin.de\/wp-content\/uploads\/2019\/09\/TU_Berlin-4-100x100.png 100w\" sizes=\"auto, (max-width: 130px) 100vw, 130px\" \/><\/td><td><img loading=\"lazy\" decoding=\"async\" width=\"120\" height=\"60\" class=\"wp-image-541\" style=\"width: 120px;\" src=\"https:\/\/aquatag.igb-berlin.de\/wp-content\/uploads\/2019\/09\/imug.png\" alt=\"\"><\/td><\/tr><\/tbody><\/table>","protected":false},"excerpt":{"rendered":"<p>Ableitung raum-zeitlicher Nutzungsmuster unter Verwendung von georeferenzierten Informationen sozialer Medien Das Arbeitspaket zielt auf eine deutschlandweite und methodisch harmonisierte Analyse der wasserbezogenen Freizeitaktivit\u00e4ten ab. Dabei sollen Typ, Frequenz und Dynamik von Freizeitaktivit\u00e4ten und Nutzungsdichten r\u00e4umlich differenziert erfasst werden. AP 1.1: Auswertung der Nutzungsmuster und Inhalte sozialer Medien Viele Menschen nutzen Social-Media tagt\u00e4glich und hinterlassen dabei &hellip; <\/p>\n<p class=\"link-more\"><a href=\"https:\/\/aquatag.igb-berlin.de\/en\/ap1\/\" class=\"more-link\">Continue reading<span class=\"screen-reader-text\"> &#8220;AP1 &#8211; Raum-Zeit Nutzungsmuster&#8221;<\/span><\/a><\/p>","protected":false},"author":3,"featured_media":0,"parent":0,"menu_order":0,"comment_status":"closed","ping_status":"closed","template":"","meta":{"footnotes":""},"class_list":["post-209","page","type-page","status-publish","hentry"],"_links":{"self":[{"href":"https:\/\/aquatag.igb-berlin.de\/en\/wp-json\/wp\/v2\/pages\/209","targetHints":{"allow":["GET"]}}],"collection":[{"href":"https:\/\/aquatag.igb-berlin.de\/en\/wp-json\/wp\/v2\/pages"}],"about":[{"href":"https:\/\/aquatag.igb-berlin.de\/en\/wp-json\/wp\/v2\/types\/page"}],"author":[{"embeddable":true,"href":"https:\/\/aquatag.igb-berlin.de\/en\/wp-json\/wp\/v2\/users\/3"}],"replies":[{"embeddable":true,"href":"https:\/\/aquatag.igb-berlin.de\/en\/wp-json\/wp\/v2\/comments?post=209"}],"version-history":[{"count":21,"href":"https:\/\/aquatag.igb-berlin.de\/en\/wp-json\/wp\/v2\/pages\/209\/revisions"}],"predecessor-version":[{"id":1066,"href":"https:\/\/aquatag.igb-berlin.de\/en\/wp-json\/wp\/v2\/pages\/209\/revisions\/1066"}],"wp:attachment":[{"href":"https:\/\/aquatag.igb-berlin.de\/en\/wp-json\/wp\/v2\/media?parent=209"}],"curies":[{"name":"wp","href":"https:\/\/api.w.org\/{rel}","templated":true}]}}