{"id":212,"date":"2019-07-23T11:51:44","date_gmt":"2019-07-23T09:51:44","guid":{"rendered":"http:\/\/aquatag.igb-berlin.de\/?page_id=212"},"modified":"2020-01-30T10:18:19","modified_gmt":"2020-01-30T09:18:19","slug":"ap2","status":"publish","type":"page","link":"https:\/\/aquatag.igb-berlin.de\/en\/ap2\/","title":{"rendered":"WP2 - Multiple Stressors"},"content":{"rendered":"<h2 class=\"wp-block-heading\">Evaluation of recreational use in a multiple-stressor-context<\/h2>\n\n\n\n<p>Consideration of recreational use as an environmentally relevant activity in a German-wide analysis of the effect of multiple pressures on the ecological status according to the WFD (EU Water Framework Directive) and on the effect of multiple pressures on selected FFH species (FFH Habitat directive on Flora and Fauna; made possible for the first time by the large-scale quantification of leisure use in WP1, leisure use as an explanatory variable in statistical models).<\/p>\n\n\n\n<div class=\"wp-block-media-text alignwide\" style=\"grid-template-columns:56% auto\"><figure class=\"wp-block-media-text__media\"><img loading=\"lazy\" decoding=\"async\" width=\"640\" height=\"427\" src=\"https:\/\/aquatag.igb-berlin.de\/wp-content\/uploads\/2019\/09\/DSC_0322PodschunDiemel.jpg\" alt=\"\" class=\"wp-image-634\" srcset=\"https:\/\/aquatag.igb-berlin.de\/wp-content\/uploads\/2019\/09\/DSC_0322PodschunDiemel.jpg 640w, https:\/\/aquatag.igb-berlin.de\/wp-content\/uploads\/2019\/09\/DSC_0322PodschunDiemel-150x100.jpg 150w, https:\/\/aquatag.igb-berlin.de\/wp-content\/uploads\/2019\/09\/DSC_0322PodschunDiemel-300x200.jpg 300w\" sizes=\"auto, (max-width: 640px) 100vw, 640px\" \/><\/figure><div class=\"wp-block-media-text__content\">\n<p>WP 2.1: Effect of multiple pressures - including pressures from recreational uses - on the ecological status according to the WFD and selected FFH species <\/p>\n\n\n\n<p> WP 2.2: Comparison of the effects of multiple pressures on ecological status and recreational use <\/p>\n<\/div><\/div>\n\n\n\n<table class=\"wp-block-table\"><tbody><tr><td><img loading=\"lazy\" decoding=\"async\" width=\"150\" height=\"58\" class=\"wp-image-551\" style=\"width: 150px;\" src=\"https:\/\/aquatag.igb-berlin.de\/wp-content\/uploads\/2019\/09\/UDE-1.png\" alt=\"\" srcset=\"https:\/\/aquatag.igb-berlin.de\/wp-content\/uploads\/2019\/09\/UDE-1.png 230w, https:\/\/aquatag.igb-berlin.de\/wp-content\/uploads\/2019\/09\/UDE-1-150x58.png 150w\" sizes=\"auto, (max-width: 150px) 100vw, 150px\" \/><\/td><td><img loading=\"lazy\" decoding=\"async\" width=\"109\" height=\"134\" class=\"wp-image-567\" style=\"width: 109px;\" src=\"https:\/\/aquatag.igb-berlin.de\/wp-content\/uploads\/2019\/09\/RegPr\u00e4sidiumKassel-1.png\" alt=\"\"><\/td><td><img loading=\"lazy\" decoding=\"async\" width=\"150\" height=\"79\" class=\"wp-image-574\" style=\"width: 150px;\" src=\"https:\/\/aquatag.igb-berlin.de\/wp-content\/uploads\/2019\/09\/IGB_Logo_typoDE_2014_rgb-4.png\" alt=\"\" srcset=\"https:\/\/aquatag.igb-berlin.de\/wp-content\/uploads\/2019\/09\/IGB_Logo_typoDE_2014_rgb-4.png 1338w, https:\/\/aquatag.igb-berlin.de\/wp-content\/uploads\/2019\/09\/IGB_Logo_typoDE_2014_rgb-4-150x79.png 150w, https:\/\/aquatag.igb-berlin.de\/wp-content\/uploads\/2019\/09\/IGB_Logo_typoDE_2014_rgb-4-300x159.png 300w, https:\/\/aquatag.igb-berlin.de\/wp-content\/uploads\/2019\/09\/IGB_Logo_typoDE_2014_rgb-4-768x407.png 768w, https:\/\/aquatag.igb-berlin.de\/wp-content\/uploads\/2019\/09\/IGB_Logo_typoDE_2014_rgb-4-1024x543.png 1024w\" sizes=\"auto, (max-width: 150px) 100vw, 150px\" \/><\/td><\/tr><\/tbody><\/table>\n\n\n\n<h2 class=\"wp-block-heading\">About current WP 2<\/h2>\n\n\n\n<ul class=\"wp-block-gallery columns-3 is-cropped wp-block-gallery-1 is-layout-flex wp-block-gallery-is-layout-flex\"><li class=\"blocks-gallery-item\"><figure><img loading=\"lazy\" decoding=\"async\" width=\"1024\" height=\"768\" src=\"https:\/\/aquatag.igb-berlin.de\/wp-content\/uploads\/2019\/09\/BeprobungDiemel_1-1024x768.jpg\" alt=\"\" data-id=\"672\" data-link=\"https:\/\/aquatag.igb-berlin.de\/ap2\/attachment\/beprobungdiemel_1\/\" class=\"wp-image-672\" srcset=\"https:\/\/aquatag.igb-berlin.de\/wp-content\/uploads\/2019\/09\/BeprobungDiemel_1-1024x768.jpg 1024w, https:\/\/aquatag.igb-berlin.de\/wp-content\/uploads\/2019\/09\/BeprobungDiemel_1-150x113.jpg 150w, https:\/\/aquatag.igb-berlin.de\/wp-content\/uploads\/2019\/09\/BeprobungDiemel_1-300x225.jpg 300w, https:\/\/aquatag.igb-berlin.de\/wp-content\/uploads\/2019\/09\/BeprobungDiemel_1-768x576.jpg 768w\" sizes=\"auto, (max-width: 767px) 89vw, (max-width: 1000px) 54vw, (max-width: 1071px) 543px, 580px\" \/><\/figure><\/li><li class=\"blocks-gallery-item\"><figure><img loading=\"lazy\" decoding=\"async\" width=\"1024\" height=\"768\" src=\"https:\/\/aquatag.igb-berlin.de\/wp-content\/uploads\/2019\/09\/BeprobungDiemel_2-1024x768.jpg\" alt=\"\" data-id=\"673\" data-link=\"https:\/\/aquatag.igb-berlin.de\/ap2\/attachment\/beprobungdiemel_2\/\" class=\"wp-image-673\" srcset=\"https:\/\/aquatag.igb-berlin.de\/wp-content\/uploads\/2019\/09\/BeprobungDiemel_2-1024x768.jpg 1024w, https:\/\/aquatag.igb-berlin.de\/wp-content\/uploads\/2019\/09\/BeprobungDiemel_2-150x113.jpg 150w, https:\/\/aquatag.igb-berlin.de\/wp-content\/uploads\/2019\/09\/BeprobungDiemel_2-300x225.jpg 300w, https:\/\/aquatag.igb-berlin.de\/wp-content\/uploads\/2019\/09\/BeprobungDiemel_2-768x576.jpg 768w\" sizes=\"auto, (max-width: 767px) 89vw, (max-width: 1000px) 54vw, (max-width: 1071px) 543px, 580px\" \/><\/figure><\/li><li class=\"blocks-gallery-item\"><figure><img loading=\"lazy\" decoding=\"async\" width=\"1024\" height=\"768\" src=\"https:\/\/aquatag.igb-berlin.de\/wp-content\/uploads\/2019\/09\/BeprobungDiemel_3-1024x768.jpg\" alt=\"\" data-id=\"674\" data-link=\"https:\/\/aquatag.igb-berlin.de\/ap2\/attachment\/beprobungdiemel_3\/\" class=\"wp-image-674\" srcset=\"https:\/\/aquatag.igb-berlin.de\/wp-content\/uploads\/2019\/09\/BeprobungDiemel_3-1024x768.jpg 1024w, https:\/\/aquatag.igb-berlin.de\/wp-content\/uploads\/2019\/09\/BeprobungDiemel_3-150x113.jpg 150w, https:\/\/aquatag.igb-berlin.de\/wp-content\/uploads\/2019\/09\/BeprobungDiemel_3-300x225.jpg 300w, https:\/\/aquatag.igb-berlin.de\/wp-content\/uploads\/2019\/09\/BeprobungDiemel_3-768x576.jpg 768w\" sizes=\"auto, (max-width: 767px) 89vw, (max-width: 1000px) 54vw, (max-width: 1071px) 543px, 580px\" \/><\/figure><\/li><\/ul>\n\n\n\n<p>Sampling from the 4th septembre 2019 on the Diemel on exit Helmarhausen ( Photos: R. Rust)<\/p>","protected":false},"excerpt":{"rendered":"<p>Bewertung der Freizeitnutzung in einem Multiple-Stressoren-Kontext Ber\u00fccksichtigung der Freizeitnutzung als umweltrelevante Aktivit\u00e4t in einer deutschlandweiten Analyse zur Wirkung der multiplen Belastungen auf den \u00f6kologischen Zustand nach WRRL (EU-Wasserrahmenrichtlinie) und zur Wirkung multipler Belastungen auf ausgew\u00e4hlte FFH-Arten (erstmals m\u00f6glich durch die gro\u00dfr\u00e4umige Quantifizierung der Freizeitnutzung in AP1, Freizeitnutzung als erkl\u00e4rende Variable in statistischen Modellen). AP 2.1: &hellip; <\/p>\n<p class=\"link-more\"><a href=\"https:\/\/aquatag.igb-berlin.de\/en\/ap2\/\" class=\"more-link\">Continue reading<span class=\"screen-reader-text\"> &#8220;AP2 &#8211; Multiple Stressoren&#8221;<\/span><\/a><\/p>","protected":false},"author":3,"featured_media":0,"parent":0,"menu_order":0,"comment_status":"closed","ping_status":"closed","template":"","meta":{"footnotes":""},"class_list":["post-212","page","type-page","status-publish","hentry"],"_links":{"self":[{"href":"https:\/\/aquatag.igb-berlin.de\/en\/wp-json\/wp\/v2\/pages\/212","targetHints":{"allow":["GET"]}}],"collection":[{"href":"https:\/\/aquatag.igb-berlin.de\/en\/wp-json\/wp\/v2\/pages"}],"about":[{"href":"https:\/\/aquatag.igb-berlin.de\/en\/wp-json\/wp\/v2\/types\/page"}],"author":[{"embeddable":true,"href":"https:\/\/aquatag.igb-berlin.de\/en\/wp-json\/wp\/v2\/users\/3"}],"replies":[{"embeddable":true,"href":"https:\/\/aquatag.igb-berlin.de\/en\/wp-json\/wp\/v2\/comments?post=212"}],"version-history":[{"count":17,"href":"https:\/\/aquatag.igb-berlin.de\/en\/wp-json\/wp\/v2\/pages\/212\/revisions"}],"predecessor-version":[{"id":842,"href":"https:\/\/aquatag.igb-berlin.de\/en\/wp-json\/wp\/v2\/pages\/212\/revisions\/842"}],"wp:attachment":[{"href":"https:\/\/aquatag.igb-berlin.de\/en\/wp-json\/wp\/v2\/media?parent=212"}],"curies":[{"name":"wp","href":"https:\/\/api.w.org\/{rel}","templated":true}]}}