{"id":215,"date":"2019-07-23T11:51:57","date_gmt":"2019-07-23T09:51:57","guid":{"rendered":"http:\/\/aquatag.igb-berlin.de\/?page_id=215"},"modified":"2019-09-24T15:27:35","modified_gmt":"2019-09-24T13:27:35","slug":"ap3","status":"publish","type":"page","link":"https:\/\/aquatag.igb-berlin.de\/en\/ap3\/","title":{"rendered":"WP3 - Preferences and benefits"},"content":{"rendered":"<h2 class=\"wp-block-heading\">Analysis of preferences for recreational demand on freshwaters (3.1) with special focus on recreational fishing in water landscapes (3.2)<\/h2>\n\n\n\n<div class=\"wp-block-media-text alignwide\"><figure class=\"wp-block-media-text__media\"><img loading=\"lazy\" decoding=\"async\" width=\"640\" height=\"427\" src=\"https:\/\/aquatag.igb-berlin.de\/wp-content\/uploads\/2019\/09\/DSC_0271PodschunDiemel.jpg\" alt=\"\" class=\"wp-image-642\" srcset=\"https:\/\/aquatag.igb-berlin.de\/wp-content\/uploads\/2019\/09\/DSC_0271PodschunDiemel.jpg 640w, https:\/\/aquatag.igb-berlin.de\/wp-content\/uploads\/2019\/09\/DSC_0271PodschunDiemel-150x100.jpg 150w, https:\/\/aquatag.igb-berlin.de\/wp-content\/uploads\/2019\/09\/DSC_0271PodschunDiemel-300x200.jpg 300w\" sizes=\"auto, (max-width: 640px) 100vw, 640px\" \/><\/figure><div class=\"wp-block-media-text__content\">\n<p> WP 3.1: Preferences for recreational demand at freshwaters:<br>With the help of various economic methods, preferences and their determinants for recreational demand at freshwaters are analysed and demand functions are estimated with whom future uses of waters for recreational purposes can be predicted. <\/p>\n<\/div><\/div>\n\n\n\n<p>WP 3.2: Focus on recreational fishing in water landscapes:<br>The aim of this part is the estimation and determination of detailed multi-attribute preference and related behaviour models for anglers, the development of angler-specific preference models as a combination of actual and hypothetical water selection behaviour data as well as the determination of optimal regulation combinations of angling over multiple waters in water landscapes by considering the behaviour reactions and water-specific ecological influences of regionally mobile anglers.<\/p>\n\n\n\n<table class=\"wp-block-table\"><tbody><tr><td><img loading=\"lazy\" decoding=\"async\" width=\"150\" height=\"120\" class=\"wp-image-540\" style=\"width: 150px;\" src=\"https:\/\/aquatag.igb-berlin.de\/wp-content\/uploads\/2019\/09\/TU_Berlin-e1568379882942.png\" alt=\"\"><\/td><td><img loading=\"lazy\" decoding=\"async\" width=\"200\" height=\"106\" class=\"wp-image-574\" style=\"width: 200px;\" src=\"https:\/\/aquatag.igb-berlin.de\/wp-content\/uploads\/2019\/09\/IGB_Logo_typoDE_2014_rgb-4.png\" alt=\"\" srcset=\"https:\/\/aquatag.igb-berlin.de\/wp-content\/uploads\/2019\/09\/IGB_Logo_typoDE_2014_rgb-4.png 1338w, https:\/\/aquatag.igb-berlin.de\/wp-content\/uploads\/2019\/09\/IGB_Logo_typoDE_2014_rgb-4-150x79.png 150w, https:\/\/aquatag.igb-berlin.de\/wp-content\/uploads\/2019\/09\/IGB_Logo_typoDE_2014_rgb-4-300x159.png 300w, https:\/\/aquatag.igb-berlin.de\/wp-content\/uploads\/2019\/09\/IGB_Logo_typoDE_2014_rgb-4-768x407.png 768w, https:\/\/aquatag.igb-berlin.de\/wp-content\/uploads\/2019\/09\/IGB_Logo_typoDE_2014_rgb-4-1024x543.png 1024w\" sizes=\"auto, (max-width: 200px) 100vw, 200px\" \/><\/td><\/tr><\/tbody><\/table>","protected":false},"excerpt":{"rendered":"<p>Analyse von Pr\u00e4ferenzen zur Erholungsnachfrage an Binnengew\u00e4ssern (3.1) mit besonderem Fokus auf das Freizeitangeln in Gew\u00e4sserlandschaften (3.2) AP 3.1: Pr\u00e4ferenzen zur Erholungsnachfrage an Binnengew\u00e4ssern:Mit Hilfe verschiedener Verfahren aus der \u00d6konomie werden Pr\u00e4ferenzen und deren Determinanten f\u00fcr die Erholungsnachfrage an Binnengew\u00e4ssern analysiert und Nachfragefunktionen gesch\u00e4tzt mit denen sich zuk\u00fcnftige Nutzungen von Gew\u00e4ssern f\u00fcr die Erholung vorhersagen &hellip; <\/p>\n<p class=\"link-more\"><a href=\"https:\/\/aquatag.igb-berlin.de\/en\/ap3\/\" class=\"more-link\">Continue reading<span class=\"screen-reader-text\"> &#8220;AP3 &#8211; Pr\u00e4ferenzen und Nutzen&#8221;<\/span><\/a><\/p>","protected":false},"author":3,"featured_media":0,"parent":0,"menu_order":0,"comment_status":"closed","ping_status":"closed","template":"","meta":{"footnotes":""},"class_list":["post-215","page","type-page","status-publish","hentry"],"_links":{"self":[{"href":"https:\/\/aquatag.igb-berlin.de\/en\/wp-json\/wp\/v2\/pages\/215","targetHints":{"allow":["GET"]}}],"collection":[{"href":"https:\/\/aquatag.igb-berlin.de\/en\/wp-json\/wp\/v2\/pages"}],"about":[{"href":"https:\/\/aquatag.igb-berlin.de\/en\/wp-json\/wp\/v2\/types\/page"}],"author":[{"embeddable":true,"href":"https:\/\/aquatag.igb-berlin.de\/en\/wp-json\/wp\/v2\/users\/3"}],"replies":[{"embeddable":true,"href":"https:\/\/aquatag.igb-berlin.de\/en\/wp-json\/wp\/v2\/comments?post=215"}],"version-history":[{"count":9,"href":"https:\/\/aquatag.igb-berlin.de\/en\/wp-json\/wp\/v2\/pages\/215\/revisions"}],"predecessor-version":[{"id":663,"href":"https:\/\/aquatag.igb-berlin.de\/en\/wp-json\/wp\/v2\/pages\/215\/revisions\/663"}],"wp:attachment":[{"href":"https:\/\/aquatag.igb-berlin.de\/en\/wp-json\/wp\/v2\/media?parent=215"}],"curies":[{"name":"wp","href":"https:\/\/api.w.org\/{rel}","templated":true}]}}