{"id":218,"date":"2019-07-23T11:52:20","date_gmt":"2019-07-23T09:52:20","guid":{"rendered":"http:\/\/aquatag.igb-berlin.de\/?page_id=218"},"modified":"2020-01-30T10:18:27","modified_gmt":"2020-01-30T09:18:27","slug":"ap4","status":"publish","type":"page","link":"https:\/\/aquatag.igb-berlin.de\/en\/ap4\/","title":{"rendered":"WP4 - Ecological effects"},"content":{"rendered":"<h2 class=\"wp-block-heading\">Analysis of the recreational use specific ecological pressures on aquatic ecosystems<\/h2>\n\n\n\n<p>AP 4.1 Ecological impact of recreational uses:<br>By means of a meta-analysis of existing data and studies, the various recreational uses of water bodies will be classified according to their potential ecological impacts and particularly affected taxa and habitats will be identified.<\/p>\n\n\n\n<table class=\"wp-block-table aligncenter\"><tbody><tr><td> AP 4.2 Ecological effects of canoe tourism:<br>The aim of this work package is to assess the impact of canoe tourism on selected taxa, such as reedbed vegetation, breeding birds and fish, as a function of canoe frequency, tour duration and canoeist experience. <\/td><td><img loading=\"lazy\" decoding=\"async\" width=\"1200\" height=\"801\" class=\"wp-image-627\" style=\"width: 1200px;\" src=\"https:\/\/aquatag.igb-berlin.de\/wp-content\/uploads\/2019\/09\/DSC_0349Podschun_Diemel.jpg\" alt=\"\" srcset=\"https:\/\/aquatag.igb-berlin.de\/wp-content\/uploads\/2019\/09\/DSC_0349Podschun_Diemel.jpg 640w, https:\/\/aquatag.igb-berlin.de\/wp-content\/uploads\/2019\/09\/DSC_0349Podschun_Diemel-150x100.jpg 150w, https:\/\/aquatag.igb-berlin.de\/wp-content\/uploads\/2019\/09\/DSC_0349Podschun_Diemel-300x200.jpg 300w\" sizes=\"auto, (max-width: 767px) 89vw, (max-width: 1000px) 54vw, (max-width: 1071px) 543px, 580px\" \/><\/td><\/tr><\/tbody><\/table>\n\n\n\n<table class=\"wp-block-table aligncenter\"><tbody><tr><td>  WP 4.3 Ecological effects of shore use by bathers and walkers:<br>The aim of this work package is the quantification of the shore load due to treading, compaction and littering, as observed as a side effect of bathing and other shore use, e.g. by strollers. The focus is on the recording of the temporal dynamics of the load on the shore areas.  <\/td><td><img loading=\"lazy\" decoding=\"async\" width=\"1700\" height=\"1750\" class=\"wp-image-628\" style=\"width: 1700px;\" src=\"https:\/\/aquatag.igb-berlin.de\/wp-content\/uploads\/2019\/09\/TLS_Meyer.png\" alt=\"\" srcset=\"https:\/\/aquatag.igb-berlin.de\/wp-content\/uploads\/2019\/09\/TLS_Meyer.png 680w, https:\/\/aquatag.igb-berlin.de\/wp-content\/uploads\/2019\/09\/TLS_Meyer-146x150.png 146w, https:\/\/aquatag.igb-berlin.de\/wp-content\/uploads\/2019\/09\/TLS_Meyer-291x300.png 291w\" sizes=\"auto, (max-width: 767px) 89vw, (max-width: 1000px) 54vw, (max-width: 1071px) 543px, 580px\" \/><\/td><\/tr><\/tbody><\/table>\n\n\n\n<p>WP 4.4 Synthesis<br>The aim of the synthesis is to combine the results of the three work packages, to quantitatively and analytically substantiate the conceptual model of recreational ecology (Venohr et al. 2018) with empirical data and to derive recommendations for a sustainable management of recreational use.<\/p>\n\n\n\n<h2 class=\"wp-block-heading\">About Current WP 4<\/h2>\n\n\n\n<p>\n\nThe investigation area for the acquisition of the impact from bath use on the edges of water bodies were selected. After plenty considerations we took 10 bathing areas at lakes in the nature park Dahme Heideseen in Brandenburg for the investigation in summer 2020. The nature reserve administration classified five of the bathing areas as especially intense used. At the remaining five lakes bathing is on average less and rarer.\n\n<\/p>\n\n\n\n<p>\n\nAt the selected lakes swimming and walking are the main activities. All lakes are located in for Brandenburg typical pine forests and have clear, relative nutrient-poor water. These criteria shall ensure, that the situation of the plants at water bodies as comparable as possible and potential changes of the vegetation can lead back on the different intensities of the human utilisation. Furthermore, we selected lakes where motorboating is forbidden, in order that we are able to exclude strong swell as impact on vegetation.\n\n<\/p>\n\n\n\n<p>\n\nFrom the beginning of the bathing season 2020 we will periodic survey the vegetation by means of terrestrial laser scaning and perform visitor census at the lakes.\n\n<\/p>\n\n\n\n<ul class=\"wp-block-gallery columns-3 is-cropped wp-block-gallery-1 is-layout-flex wp-block-gallery-is-layout-flex\"><li class=\"blocks-gallery-item\"><figure><img loading=\"lazy\" decoding=\"async\" width=\"1024\" height=\"683\" src=\"https:\/\/aquatag.igb-berlin.de\/wp-content\/uploads\/2020\/01\/Grubensee_erste_Aufnahmen_mit_dem_Laserscanner_verkleinert-1024x683.jpg\" alt=\"\" data-id=\"736\" data-link=\"https:\/\/aquatag.igb-berlin.de\/ap2\/attachment\/grubensee_erste_aufnahmen_mit_dem_laserscanner_verkleinert\/\" class=\"wp-image-736\" srcset=\"\" sizes=\"auto, (max-width: 767px) 89vw, (max-width: 1000px) 54vw, (max-width: 1071px) 543px, 580px\" data-srcset=\"\" \/><\/figure><\/li><li class=\"blocks-gallery-item\"><figure><img loading=\"lazy\" decoding=\"async\" width=\"1024\" height=\"683\" src=\"https:\/\/aquatag.igb-berlin.de\/wp-content\/uploads\/2020\/01\/Grubensee_intensive_Badenutzung_verkleinert-1024x683.jpg\" alt=\"\" data-id=\"737\" data-link=\"https:\/\/aquatag.igb-berlin.de\/ap2\/attachment\/grubensee_intensive_badenutzung_verkleinert\/\" class=\"wp-image-737\" srcset=\"\" sizes=\"auto, (max-width: 767px) 89vw, (max-width: 1000px) 54vw, (max-width: 1071px) 543px, 580px\" data-srcset=\"\" \/><\/figure><\/li><li class=\"blocks-gallery-item\"><figure><img loading=\"lazy\" decoding=\"async\" width=\"1024\" height=\"768\" src=\"https:\/\/aquatag.igb-berlin.de\/wp-content\/uploads\/2020\/01\/Milasee_weniger_genutzte_Badestelle_verkleinert-1024x768.jpg\" alt=\"\" data-id=\"738\" data-link=\"https:\/\/aquatag.igb-berlin.de\/ap2\/attachment\/milasee_weniger_genutzte_badestelle_verkleinert\/\" class=\"wp-image-738\" srcset=\"\" sizes=\"auto, (max-width: 767px) 89vw, (max-width: 1000px) 54vw, (max-width: 1071px) 543px, 580px\" data-srcset=\"\" \/><\/figure><\/li><\/ul>\n\n\n\n<p>\n\nFirst recordings with the laser scanner on 09.12.2019 at Grubensee and on the right the Milasee (Photos: Nora Meyer)\n\n<\/p>\n\n\n\n<ul class=\"wp-block-gallery columns-4 wp-block-gallery-2 is-layout-flex wp-block-gallery-is-layout-flex\"><li class=\"blocks-gallery-item\"><figure><img loading=\"lazy\" decoding=\"async\" width=\"1024\" height=\"543\" src=\"https:\/\/aquatag.igb-berlin.de\/wp-content\/uploads\/2019\/09\/IGB_Logo_typoDE_2014_rgb-3-1024x543.png\" alt=\"\" data-id=\"564\" data-link=\"https:\/\/aquatag.igb-berlin.de\/ap4\/attachment\/igb_logo_typode_2014_rgb-3\/\" class=\"wp-image-564\" srcset=\"\" sizes=\"auto, (max-width: 767px) 89vw, (max-width: 1000px) 54vw, (max-width: 1071px) 543px, 580px\" data-srcset=\"\" \/><\/figure><\/li><li class=\"blocks-gallery-item\"><figure><img loading=\"lazy\" decoding=\"async\" width=\"327\" height=\"95\" src=\"https:\/\/aquatag.igb-berlin.de\/wp-content\/uploads\/2019\/09\/TU_Dresden.png\" alt=\"\" data-id=\"565\" data-link=\"https:\/\/aquatag.igb-berlin.de\/ap4\/attachment\/tu_dresden\/\" class=\"wp-image-565\" srcset=\"https:\/\/aquatag.igb-berlin.de\/wp-content\/uploads\/2019\/09\/TU_Dresden.png 327w, https:\/\/aquatag.igb-berlin.de\/wp-content\/uploads\/2019\/09\/TU_Dresden-150x44.png 150w, https:\/\/aquatag.igb-berlin.de\/wp-content\/uploads\/2019\/09\/TU_Dresden-300x87.png 300w\" sizes=\"auto, (max-width: 327px) 100vw, 327px\" \/><\/figure><\/li><li class=\"blocks-gallery-item\"><figure><img loading=\"lazy\" decoding=\"async\" width=\"109\" height=\"134\" src=\"https:\/\/aquatag.igb-berlin.de\/wp-content\/uploads\/2019\/09\/RegPr\u00e4sidiumKassel-1.png\" alt=\"\" data-id=\"567\" data-link=\"https:\/\/aquatag.igb-berlin.de\/ap4\/attachment\/regpraesidiumkassel-1\/\" class=\"wp-image-567\"\/><\/figure><\/li><li class=\"blocks-gallery-item\"><figure><img loading=\"lazy\" decoding=\"async\" width=\"150\" height=\"153\" src=\"https:\/\/aquatag.igb-berlin.de\/wp-content\/uploads\/2019\/09\/Vogelschutzwarte-1-e1578402475646.jpg\" alt=\"\" data-id=\"566\" data-link=\"https:\/\/aquatag.igb-berlin.de\/ap4\/attachment\/vogelschutzwarte-1\/\" class=\"wp-image-566\"\/><\/figure><\/li><li class=\"blocks-gallery-item\"><figure><img loading=\"lazy\" decoding=\"async\" width=\"230\" height=\"89\" src=\"https:\/\/aquatag.igb-berlin.de\/wp-content\/uploads\/2019\/09\/UDE-2.png\" alt=\"\" data-id=\"568\" data-link=\"https:\/\/aquatag.igb-berlin.de\/ap4\/attachment\/ude-2-2\/\" class=\"wp-image-568\" srcset=\"https:\/\/aquatag.igb-berlin.de\/wp-content\/uploads\/2019\/09\/UDE-2.png 230w, https:\/\/aquatag.igb-berlin.de\/wp-content\/uploads\/2019\/09\/UDE-2-150x58.png 150w\" sizes=\"auto, (max-width: 230px) 100vw, 230px\" \/><\/figure><\/li><li class=\"blocks-gallery-item\"><figure><img loading=\"lazy\" decoding=\"async\" width=\"1024\" height=\"200\" src=\"https:\/\/aquatag.igb-berlin.de\/wp-content\/uploads\/2020\/01\/PunktMABUNESCO-1024x200.jpg\" alt=\"\" data-id=\"716\" data-link=\"https:\/\/aquatag.igb-berlin.de\/ap4\/attachment\/punktmabunesco\/\" class=\"wp-image-716\"\/><\/figure><\/li><\/ul>","protected":false},"excerpt":{"rendered":"<p>Analyse der Freizeitnutzungs-spezifischen \u00f6kologischen Belastungen aquatischer \u00d6kosysteme AP 4.1 \u00d6kologische Auswirkungen von Freizeitnutzungen:Mittels einer Meta-Analyse vorhandener Daten und Untersuchungen werden die verschiedenen Freizeitnutzungen an Gew\u00e4ssern hinsichtlich ihrer potenziellen \u00f6kologischen Auswirkungen klassifiziert und besonders betroffene Taxa und Lebensr\u00e4ume identifiziert. AP 4.2 \u00d6kologische Effekte des Kanutourismus:Ziel dieses Arbeitspaketes ist die Erfassung der Auswirkung des Kanutourismus auf ausgew\u00e4hlte &hellip; <\/p>\n<p class=\"link-more\"><a href=\"https:\/\/aquatag.igb-berlin.de\/en\/ap4\/\" class=\"more-link\">Continue reading<span class=\"screen-reader-text\"> &#8220;AP4 &#8211; \u00d6kologische Effekte&#8221;<\/span><\/a><\/p>","protected":false},"author":3,"featured_media":0,"parent":0,"menu_order":0,"comment_status":"closed","ping_status":"closed","template":"","meta":{"footnotes":""},"class_list":["post-218","page","type-page","status-publish","hentry"],"_links":{"self":[{"href":"https:\/\/aquatag.igb-berlin.de\/en\/wp-json\/wp\/v2\/pages\/218","targetHints":{"allow":["GET"]}}],"collection":[{"href":"https:\/\/aquatag.igb-berlin.de\/en\/wp-json\/wp\/v2\/pages"}],"about":[{"href":"https:\/\/aquatag.igb-berlin.de\/en\/wp-json\/wp\/v2\/types\/page"}],"author":[{"embeddable":true,"href":"https:\/\/aquatag.igb-berlin.de\/en\/wp-json\/wp\/v2\/users\/3"}],"replies":[{"embeddable":true,"href":"https:\/\/aquatag.igb-berlin.de\/en\/wp-json\/wp\/v2\/comments?post=218"}],"version-history":[{"count":19,"href":"https:\/\/aquatag.igb-berlin.de\/en\/wp-json\/wp\/v2\/pages\/218\/revisions"}],"predecessor-version":[{"id":746,"href":"https:\/\/aquatag.igb-berlin.de\/en\/wp-json\/wp\/v2\/pages\/218\/revisions\/746"}],"wp:attachment":[{"href":"https:\/\/aquatag.igb-berlin.de\/en\/wp-json\/wp\/v2\/media?parent=218"}],"curies":[{"name":"wp","href":"https:\/\/api.w.org\/{rel}","templated":true}]}}