{"id":221,"date":"2019-07-23T11:52:37","date_gmt":"2019-07-23T09:52:37","guid":{"rendered":"http:\/\/aquatag.igb-berlin.de\/?page_id=221"},"modified":"2019-11-25T14:37:15","modified_gmt":"2019-11-25T13:37:15","slug":"ap5","status":"publish","type":"page","link":"https:\/\/aquatag.igb-berlin.de\/en\/ap5\/","title":{"rendered":"WP5 - Management"},"content":{"rendered":"<h2 class=\"wp-block-heading\">Model-based derivation of management recommendations in the water landscape<\/h2>\n\n\n\n<div class=\"wp-block-media-text alignwide\"><figure class=\"wp-block-media-text__media\"><img loading=\"lazy\" decoding=\"async\" width=\"640\" height=\"427\" src=\"https:\/\/aquatag.igb-berlin.de\/wp-content\/uploads\/2019\/09\/DSC_0371PodschunDiemel.jpg\" alt=\"\" class=\"wp-image-638\" srcset=\"https:\/\/aquatag.igb-berlin.de\/wp-content\/uploads\/2019\/09\/DSC_0371PodschunDiemel.jpg 640w, https:\/\/aquatag.igb-berlin.de\/wp-content\/uploads\/2019\/09\/DSC_0371PodschunDiemel-150x100.jpg 150w, https:\/\/aquatag.igb-berlin.de\/wp-content\/uploads\/2019\/09\/DSC_0371PodschunDiemel-300x200.jpg 300w\" sizes=\"auto, (max-width: 640px) 100vw, 640px\" \/><\/figure><div class=\"wp-block-media-text__content\">\n<p> WP 5.1: Model development and application:<br>The aim is to derive viable management approaches for regions that jointly consider different water uses, conflicts of objectives and multiple criteria of achieving objectives and that are accepted by stakeholders. <\/p>\n<\/div><\/div>\n\n\n\n<p>WP 5.2: Validation of results and comparison with existing approaches:<br>The WP will compare and evaluate the contents achieved in AQUATAG with the available results of previous projects on presented and used cultural ecosystem services. The aim is to designate priority areas for recreational uses or for renaturation and for sensitive water body types, taking into account the usage peaks, and to derive management recommendations. The contents and results are to be developed and discussed in close cooperation with the practical and application partners. This will take place, among other things, within the framework of the workshops, but also in a bilateral exchange.<\/p>\n\n\n\n<figure class=\"wp-block-image\"><img loading=\"lazy\" decoding=\"async\" width=\"300\" height=\"159\" src=\"https:\/\/aquatag.igb-berlin.de\/wp-content\/uploads\/2019\/09\/IGB_Logo_typoDE_2014_rgb-4-300x159.png\" alt=\"\" class=\"wp-image-574\" srcset=\"https:\/\/aquatag.igb-berlin.de\/wp-content\/uploads\/2019\/09\/IGB_Logo_typoDE_2014_rgb-4-300x159.png 300w, https:\/\/aquatag.igb-berlin.de\/wp-content\/uploads\/2019\/09\/IGB_Logo_typoDE_2014_rgb-4-150x79.png 150w, https:\/\/aquatag.igb-berlin.de\/wp-content\/uploads\/2019\/09\/IGB_Logo_typoDE_2014_rgb-4-768x407.png 768w, https:\/\/aquatag.igb-berlin.de\/wp-content\/uploads\/2019\/09\/IGB_Logo_typoDE_2014_rgb-4-1024x543.png 1024w, https:\/\/aquatag.igb-berlin.de\/wp-content\/uploads\/2019\/09\/IGB_Logo_typoDE_2014_rgb-4.png 1338w\" sizes=\"auto, (max-width: 300px) 100vw, 300px\" \/><\/figure>","protected":false},"excerpt":{"rendered":"<p>Modellbasierte Ableitung von Managementempfehlungen in der Gew\u00e4sserlandschaft AP 5.1: Modellentwicklung und -anwendung:Ziel ist die Ableitung von tragf\u00e4higen Managementans\u00e4tzen f\u00fcr Regionen, in dem die verschiedenen Gew\u00e4ssernutzungen, Zielkonflikte und multiplen Zielerreichungskriterien gemeinsam ber\u00fccksichtigt und von den Stakeholdern akzeptiert werden. AP 5.2: Ergebnisvalidierung und Abgleich mit bestehenden Ans\u00e4tzen:Das AP wird die in AQUATAG erzielten Inhalte mit den verf\u00fcgbaren &hellip; <\/p>\n<p class=\"link-more\"><a href=\"https:\/\/aquatag.igb-berlin.de\/en\/ap5\/\" class=\"more-link\">Continue reading<span class=\"screen-reader-text\"> &#8220;AP5 &#8211; Management&#8221;<\/span><\/a><\/p>","protected":false},"author":3,"featured_media":0,"parent":0,"menu_order":0,"comment_status":"closed","ping_status":"closed","template":"","meta":{"footnotes":""},"class_list":["post-221","page","type-page","status-publish","hentry"],"_links":{"self":[{"href":"https:\/\/aquatag.igb-berlin.de\/en\/wp-json\/wp\/v2\/pages\/221","targetHints":{"allow":["GET"]}}],"collection":[{"href":"https:\/\/aquatag.igb-berlin.de\/en\/wp-json\/wp\/v2\/pages"}],"about":[{"href":"https:\/\/aquatag.igb-berlin.de\/en\/wp-json\/wp\/v2\/types\/page"}],"author":[{"embeddable":true,"href":"https:\/\/aquatag.igb-berlin.de\/en\/wp-json\/wp\/v2\/users\/3"}],"replies":[{"embeddable":true,"href":"https:\/\/aquatag.igb-berlin.de\/en\/wp-json\/wp\/v2\/comments?post=221"}],"version-history":[{"count":11,"href":"https:\/\/aquatag.igb-berlin.de\/en\/wp-json\/wp\/v2\/pages\/221\/revisions"}],"predecessor-version":[{"id":706,"href":"https:\/\/aquatag.igb-berlin.de\/en\/wp-json\/wp\/v2\/pages\/221\/revisions\/706"}],"wp:attachment":[{"href":"https:\/\/aquatag.igb-berlin.de\/en\/wp-json\/wp\/v2\/media?parent=221"}],"curies":[{"name":"wp","href":"https:\/\/api.w.org\/{rel}","templated":true}]}}