{"id":353,"date":"2019-09-04T12:49:02","date_gmt":"2019-09-04T10:49:02","guid":{"rendered":"https:\/\/aquatag.igb-berlin.de\/?page_id=353"},"modified":"2019-09-04T12:49:02","modified_gmt":"2019-09-04T10:49:02","slug":"impressum","status":"publish","type":"page","link":"https:\/\/aquatag.igb-berlin.de\/en\/impressum\/","title":{"rendered":"Imprint"},"content":{"rendered":"<p><strong>The following information contains the legally required information on the provider identification as well as important legal information on the website of the research project AQUATAG - an offer of the Leibniz Institute for Freshwater Ecology and Inland Fisheries (IGB) within the Forschungsverbund Berlin e.V. (Research Network Berlin).<\/strong><strong><\/strong><\/p>\n\n\n\n<h3 class=\"wp-block-heading\">Provider<\/h3>\n\n\n\n<p>The provider of this website in the legal sense is the Leibniz Institute for Freshwater Ecology and Inland Fisheries (IGB) within the Forschungsverbund Berlin e.V. (Berlin Research Network).<\/p>\n\n\n\n<h3 class=\"wp-block-heading\">Address<\/h3>\n\n\n\n<p>Leibniz Institute for Freshwater Ecology and Inland Fisheries (IGB) <br>\nin the Forschungsverbund Berlin e.V.<br>\nM\u00fcggelseedamm 310<br>\n12587 Berlin<br>\nGermany<br>\nPhone: + 49 30 641815<br>\nE-Mail: info(at)igb-berlin.de<br>\nWebsite: <a href=\"http:\/\/www.igb-berlin.de\/\">www.igb-berlin.de<\/a> <\/p>\n\n\n\n<h3 class=\"wp-block-heading\">Legal entity<\/h3>\n\n\n\n<p>The IGB is a non-legally capable institute within the Forschungsverbund Berlin e. V. The Forschungsverbund Berlin is registered in the register of associations of the district court Berlin-Charlottenburg under the registration number VR 12174 NZ.<\/p>\n\n\n\n<h3 class=\"wp-block-heading\">Management<\/h3>\n\n\n\n<p>The Forschungsverbund Berlin e.V. is represented by the managing director, Dr. Manuela Urban, together with the spokesperson of the executive board and, in the case of institute-specific business, with the director of the institute.<\/p>\n\n\n\n<h3 class=\"wp-block-heading\">Editorial responsibility<\/h3>\n\n\n\n<p>The AQUATAG project team is responsible for the content of this website of the Leibniz Institute for Freshwater Ecology and Inland Fisheries (IGB):<\/p>\n\n\n\n<p>Dr. Markus Venohr (Project leader)<br>Dr. Simone Podschun, Judith Mahnkopf (project coordination, editorial office)<br> Phone +49 (0)30 63924075<br> podschun(at)igb-berlin.de, j.mahnkopf(at)igb-berlin.de<\/p>\n\n\n\n<h3 class=\"wp-block-heading\">Legal information on liability\/disclaimer<\/h3>\n\n\n\n<p>The for Freshwater Ecology and Inland Fisheries (IGB) in the Forschungsverbund Berlin e.V. makes every effort to ensure that the information provided on this website is accurate and up-to-date. Nevertheless, errors and ambiguities cannot be completely excluded. The IGB therefore accepts no liability for the topicality, correctness, completeness or quality of the information provided. The IGB is not liable for any material or immaterial damage caused directly or indirectly by the use or non-use of the information provided or by the use of incorrect or incomplete information; unless it can be proven that it is guilty of willful intent or gross negligence. The IGB reserves the right to change, supplement or delete parts of the Internet offer or the entire offer without separate announcement or to cease publication temporarily or permanently. Responsibility for third-party content, which is made available for example through direct or indirect links to other providers, presupposes, among other things, positive knowledge of the illegal or criminal content. Foreign contents are marked in a suitable manner. The IGB has no influence on external contents and does not adopt these contents as its own. The IGB has no knowledge of illegal or offensive content on the sites of third party providers linked to its website. Should illegal or offensive content nevertheless be contained on the linked pages of external providers, the IGB expressly distances itself from this content.<\/p>\n\n\n\n<h3 class=\"wp-block-heading\">Web design and implementation<\/h3>\n\n\n\n<h3 class=\"wp-block-heading\"><a href=\"https:\/\/de.wordpress.com\">WordPress<\/a><\/h3>\n\n\n\n<h3 class=\"wp-block-heading\">Legal information on copyright<\/h3>\n\n\n\n<p>The layout of the website, the graphics used and the other contents of the AQUATAG research project website are protected by copyright. All rights reserved.<\/p>","protected":false},"excerpt":{"rendered":"<p>Die nachstehenden Informationen enthalten die gesetzlich vorgesehenen Pflichtangaben zur Anbieterkennzeichnung sowie wichtige rechtliche Hinweise zur Webseite des Forschungsprojektes AQUATAG \u2013 ein Angebot des Leibniz-Instituts f\u00fcr Gew\u00e4sser\u00f6kologie und Binnenfischerei (IGB) im Forschungsverbund Berlin e.V. Anbieter Der Anbieter dieser Internetpr\u00e4senz im Rechtssinne ist das Leibniz-Institut f\u00fcr Gew\u00e4sser\u00f6kologie und Binnenfischerei (IGB) im Forschungsverbund Berlin e.V. Adresse Leibniz-Institut f\u00fcr &hellip; <\/p>\n<p class=\"link-more\"><a href=\"https:\/\/aquatag.igb-berlin.de\/en\/impressum\/\" class=\"more-link\">Continue reading<span class=\"screen-reader-text\"> &#8220;Impressum&#8221;<\/span><\/a><\/p>","protected":false},"author":2,"featured_media":0,"parent":0,"menu_order":0,"comment_status":"closed","ping_status":"closed","template":"","meta":{"footnotes":""},"class_list":["post-353","page","type-page","status-publish","hentry"],"_links":{"self":[{"href":"https:\/\/aquatag.igb-berlin.de\/en\/wp-json\/wp\/v2\/pages\/353","targetHints":{"allow":["GET"]}}],"collection":[{"href":"https:\/\/aquatag.igb-berlin.de\/en\/wp-json\/wp\/v2\/pages"}],"about":[{"href":"https:\/\/aquatag.igb-berlin.de\/en\/wp-json\/wp\/v2\/types\/page"}],"author":[{"embeddable":true,"href":"https:\/\/aquatag.igb-berlin.de\/en\/wp-json\/wp\/v2\/users\/2"}],"replies":[{"embeddable":true,"href":"https:\/\/aquatag.igb-berlin.de\/en\/wp-json\/wp\/v2\/comments?post=353"}],"version-history":[{"count":2,"href":"https:\/\/aquatag.igb-berlin.de\/en\/wp-json\/wp\/v2\/pages\/353\/revisions"}],"predecessor-version":[{"id":1068,"href":"https:\/\/aquatag.igb-berlin.de\/en\/wp-json\/wp\/v2\/pages\/353\/revisions\/1068"}],"wp:attachment":[{"href":"https:\/\/aquatag.igb-berlin.de\/en\/wp-json\/wp\/v2\/media?parent=353"}],"curies":[{"name":"wp","href":"https:\/\/api.w.org\/{rel}","templated":true}]}}