{"id":358,"date":"2019-09-10T13:55:36","date_gmt":"2019-09-10T11:55:36","guid":{"rendered":"https:\/\/aquatag.igb-berlin.de\/?page_id=358"},"modified":"2020-05-20T12:24:21","modified_gmt":"2020-05-20T10:24:21","slug":"datenschutz","status":"publish","type":"page","link":"https:\/\/aquatag.igb-berlin.de\/en\/impressum\/datenschutz\/","title":{"rendered":"Privacy"},"content":{"rendered":"<p><strong>Datenschutzerkl\u00e4rung nach der\nDatenschutz-Grundverordnung (DSGVO)<\/strong><\/p>\n\n\n\n<p>Wir freuen uns \u00fcber\nIhren Besuch auf der Webseite des Forschungsprojektes AQUATAG sowie Ihr damit\nverbundenes Interesse an unseren Themen. Die Webseite AQUATAG ist ein Angebot des\nLeibniz-Instituts f\u00fcr Gew\u00e4sser\u00f6kologie und Binnenfischerei (IGB). Nachstehend\ninformieren wir Sie ausf\u00fchrlich \u00fcber den Umgang mit Ihren Daten.<\/p>\n\n\n\n<p>Wir verarbeiten personenbezogene Daten, die beim Besuch unserer\nWebseiten erhoben werden, unter Beachtung der geltenden datenschutzrechtlichen\nBestimmungen. Ihre Daten werden von uns weder ver\u00f6ffentlicht, noch unberechtigt\nan Dritte weitergegeben. Im Folgenden erl\u00e4utern wir, welche Daten wir w\u00e4hrend\nIhres Besuches auf unseren Webseiten erfassen und wie genau diese verwendet\nwerden.<\/p>\n\n\n\n<h2 class=\"wp-block-heading\">Name und\nAnschrift des Verantwortlichen<\/h2>\n\n\n\n<p>Der Verantwortliche im Sinne der Datenschutz-Grundverordnung und\nanderer nationaler Datenschutzgesetze der Mitgliedsstaaten sowie sonstiger\ndatenschutzrechtlicher Bestimmungen ist das:<\/p>\n\n\n\n<p>Leibniz Institute for Freshwater Ecology and Inland Fisheries (IGB) <br>\nin the Forschungsverbund Berlin e.V.<br>\nM\u00fcggelseedamm 310<br>\n12587 Berlin<br>\nGermany<br>\nPhone: + 49 30 641815<br>\nE-Mail: info(at)igb-berlin.de<br>\nWebsite: <a href=\"http:\/\/www.igb-berlin.de\/\">www.igb-berlin.de<\/a> <\/p>\n\n\n\n<h2 class=\"wp-block-heading\">Name und\nAnschrift des Datenschutzbeauftragten<\/h2>\n\n\n\n<p>Der Datenschutzbeauftragte des Verantwortlichen ist:<\/p>\n\n\n\n<p>Johannes H\u00f6per<br>\nForschungsverbund Berlin e.V.<br>\nRudower Chaussee 17<br>\n12489 Berlin<br>\nGermany<br>\nTelefon: +49 30 63923311<br>\nE-Mail: datenschutz(at)fv-berlin.de<br>\nWebsite: <a href=\"http:\/\/www.fv-berlin.de\">www.fv-berlin.de<\/a> <\/p>\n\n\n\n<h2 class=\"wp-block-heading\">Allgemeines\nzur Datenverarbeitung<\/h2>\n\n\n\n<h3 class=\"wp-block-heading\">Umfang der\nVerarbeitung personenbezogener Daten<\/h3>\n\n\n\n<p>Wir verarbeiten personenbezogene Daten unserer Nutzer\ngrunds\u00e4tzlich nur, soweit dies zur Bereitstellung einer funktionsf\u00e4higen\nWebseite sowie unserer Inhalte und Leistungen erforderlich ist. Die\nVerarbeitung personenbezogener Daten unserer Nutzer erfolgt regelm\u00e4\u00dfig nur nach\nEinwilligung des Nutzers. Eine Ausnahme gilt in solchen F\u00e4llen, in denen eine\nvorherige Einholung einer Einwilligung aus tats\u00e4chlichen Gr\u00fcnden nicht m\u00f6glich\nist und die Verarbeitung der Daten durch gesetzliche Vorschriften gestattet\nist.<\/p>\n\n\n\n<h3 class=\"wp-block-heading\">Rechtsgrundlage\nf\u00fcr die Verarbeitung personenbezogener Daten<\/h3>\n\n\n\n<p>Soweit wir f\u00fcr Verarbeitungsvorg\u00e4nge personenbezogener Daten\neine Einwilligung der betroffenen Person einholen, dient Art.&nbsp;6\nAbs.&nbsp;1 lit.&nbsp;a EU-Datenschutzgrundverordnung (DSGVO) als\nRechtsgrundlage.<\/p>\n\n\n\n<p>Bei der Verarbeitung von personenbezogenen Daten, die zur\nErf\u00fcllung eines Vertrages, dessen Vertragspartei die betroffene Person ist,\nerforderlich ist, dient Art.&nbsp;6 Abs.&nbsp;1 lit.&nbsp;b DSGVO als\nRechtsgrundlage. Dies gilt auch f\u00fcr Verarbeitungsvorg\u00e4nge, die zur Durchf\u00fchrung\nvorvertraglicher Ma\u00dfnahmen erforderlich sind.<\/p>\n\n\n\n<p>Soweit eine Verarbeitung personenbezogener Daten zur Erf\u00fcllung\neiner rechtlichen Verpflichtung erforderlich ist, die das IGB erf\u00fcllen muss,\ndient Art.&nbsp;6 Abs.&nbsp;1 lit.&nbsp;c DSGVO als Rechtsgrundlage.<\/p>\n\n\n\n<p>F\u00fcr den Fall, dass lebenswichtige Interessen der betroffenen\nPerson oder einer anderen nat\u00fcrlichen Person eine Verarbeitung\npersonenbezogener Daten erforderlich machen, dient Art.&nbsp;6 Abs.&nbsp;1\nlit.&nbsp;d DSGVO als Rechtsgrundlage.<\/p>\n\n\n\n<p>Ist die Verarbeitung zur Wahrung eines berechtigten Interesses\ndes IGB oder eines Dritten erforderlich und \u00fcberwiegen die Interessen,\nGrundrechte und Grundfreiheiten des Betroffenen das erstgenannte Interesse\nnicht, so dient Art.&nbsp;6 Abs.&nbsp;1 lit.&nbsp;f DSGVO als Rechtsgrundlage\nf\u00fcr die Verarbeitung.<\/p>\n\n\n\n<h3 class=\"wp-block-heading\">Datenl\u00f6schung\nund Speicherdauer<\/h3>\n\n\n\n<p>Die personenbezogenen Daten der betroffenen Person werden\ngel\u00f6scht oder gesperrt, sobald der Zweck der Speicherung entf\u00e4llt. Eine\nSpeicherung kann dar\u00fcber hinaus erfolgen, wenn dies durch den europ\u00e4ischen oder\nnationalen Gesetzgeber in unionsrechtlichen Verordnungen, Gesetzen oder\nsonstigen Vorschriften, denen das IGB unterliegt, vorgesehen wurde. Eine\nSperrung oder L\u00f6schung der Daten erfolgt auch dann, wenn eine durch die\ngenannten Normen vorgeschriebene Speicherfrist abl\u00e4uft, es sei denn, dass eine\nErforderlichkeit zur weiteren Speicherung der Daten f\u00fcr einen Vertragsabschluss\noder eine Vertragserf\u00fcllung besteht.<\/p>\n\n\n\n<h2 class=\"wp-block-heading\">Bereitstellung\nder Webseite und Erstellung von Logfiles<\/h2>\n\n\n\n<p>Bei jedem Aufruf unserer Webseite erfasst unser System\nautomatisiert Daten und Informationen vom Computersystem des aufrufenden\nRechners in Protokolldateien, sogenannten Logfiles.<\/p>\n\n\n\n<p>Folgende Daten werden hierbei erhoben und in den Logfiles\nunserer Systeme gespeichert:<\/p>\n\n\n\n<ul class=\"wp-block-list\"><li>Datum und Uhrzeit des Zugriffs<\/li><li>Die IP-Adresse des Nutzers<\/li><li>Webseiten, die vom System des\n     Nutzers \u00fcber unsere Webseite aufgerufen werden<\/li><li>Webseiten, von denen das System\n     des Nutzers auf unsere Webseite gelangt<\/li><li>Informationen \u00fcber Browsertyp und\n     die verwendete Version<\/li><li>Informationen \u00fcber das\n     Betriebssystem des Nutzers<\/li><li>Informationen \u00fcber den\n     Internet-Service-Provider des Nutzers<\/li><\/ul>\n\n\n\n<p>Eine Speicherung dieser Daten zusammen mit anderen\npersonenbezogenen Daten des Nutzers findet nicht statt.<\/p>\n\n\n\n<p>Die Speicherung in Logfiles erfolgt, um die Funktionsf\u00e4higkeit\nder Webseite sicherzustellen. Des Weiteren dienen die Daten der Optimierung der\nWebseite, der Beseitigung m\u00f6glicher St\u00f6rungen und dem Erhalt der Sicherheit\nunserer informationstechnischen Systeme.<\/p>\n\n\n\n<p>Die Daten werden gel\u00f6scht, sobald sie f\u00fcr die Erreichung des\nZweckes ihrer Erhebung nicht mehr erforderlich sind. Dies geschieht im Fall der\nBereitstellung der Webseite bei Beendigung der Sitzung.<\/p>\n\n\n\n<p>Logfiledaten werden im Regelfall nach sp\u00e4testens sieben Tagen\ngel\u00f6scht. Sollte das IGB aufgrund technischer Erfordernisse oder\nSicherheitsaspekten Logfiledaten l\u00e4nger speichern m\u00fcssen, &nbsp;werden die\nIP-Adressen der Nutzer gel\u00f6scht oder verfremdet und so eine Identifikation den\nNutzers verhindert.<\/p>\n\n\n\n<p>Die Speicherung ist zwingend erforderlich und l\u00e4sst keine\nWiderspruchsm\u00f6glichkeit des Nutzers zu.<\/p>\n\n\n\n<p>Die Rechtsgrundlage f\u00fcr die Speicherung der Daten und der\nLogfiles ist Art. 6 Abs. 1 lit. f DSGVO.<\/p>\n\n\n\n<h2 class=\"wp-block-heading\">Verwendung\nvon Cookies<\/h2>\n\n\n\n<h3 class=\"wp-block-heading\">Beschreibung\nund Umfang der Datenverarbeitung<\/h3>\n\n\n\n<p>Unsere Webseite verwendet Cookies. Bei Cookies handelt es sich\num Textdateien, die im Internetbrowser bzw. vom Internetbrowser auf dem\nComputersystem des Nutzers gespeichert werden. Ruft ein Nutzer eine Webseite\nauf, so kann ein Cookie auf dem Betriebssystem des Nutzers gespeichert werden.\nDieser Cookie enth\u00e4lt eine charakteristische Zeichenfolge, die eine eindeutige\nIdentifizierung des Browsers beim erneuten Aufrufen der Webseite erm\u00f6glicht.<\/p>\n\n\n\n<h3 class=\"wp-block-heading\">Technisch\nnotwendige Cookies<\/h3>\n\n\n\n<p>Wir setzen Cookies ein, um unsere Webseite nutzerfreundlicher zu\ngestalten. Einige Elemente unserer Webseite erfordern es, dass der aufrufende\nBrowser auch nach einem Seitenwechsel identifiziert werden kann.<\/p>\n\n\n\n<p>In den Cookies werden dabei folgende Daten gespeichert und\n\u00fcbermittelt:<\/p>\n\n\n\n<ul class=\"wp-block-list\"><li>Spracheinstellungen<\/li><li>Log-In-Informationen\n     (Sitzungsdaten)<\/li><\/ul>\n\n\n\n<p>Beide Cookies werden nach dem Schlie\u00dfen der Sitzung gel\u00f6scht.\nEin Nutzerprofil wird durch technisch notwendige Cookies nicht erstellt. Die\nRechtsgrundlage f\u00fcr die Verwendung dieser Cookies findet sich in Art. 6 Abs. 1\nlit. f DSGVO.<\/p>\n\n\n\n<h3 class=\"wp-block-heading\">Technisch\nnicht notwendige Cookies<\/h3>\n\n\n\n<p>Wir verwenden auf der AQUATAG-Webseite dar\u00fcber hinaus Cookies,\ndie eine Analyse des Surfverhaltens der Nutzer erm\u00f6glichen. Bitte lesen Sie\nhierzu den Abschnitt &#8220;Webanalyse&#8221;:<\/p>\n\n\n\n<h2 class=\"wp-block-heading\">RSS-Feeds-Urheberrecht<\/h2>\n\n\n\n<p>RSS ist ein elektronisches Nachrichtenformat, das dem Nutzer\nerm\u00f6glicht, die Inhalte einer Webseite \u2013 oder Teile davon \u2013 als sogenannte\nRSS-Feeds zu abonnieren oder in andere Webseiten zu integrieren. Das IGB\ngestattet anderen Webseiten (widerruflich) die kostenfreie \u00dcbernahme der\nInhalte ihrer RSS-Feeds mit aktiven Links auf die Original-Artikel unter\nNennung der Quelle.&nbsp;Die Feeds d\u00fcrfen nicht in Frames dargestellt werden,\nsondern m\u00fcssen ein neues Browser-Fenster \u00f6ffnen. Wir genehmigen nur die\n\u00dcbernahme von \u00dcberschriften und Anrisstexten.&nbsp;Die \u00dcbernahme von Bildern\naus den RSS-Feeds k\u00f6nnen wir leider nicht gestatten. Weitere Ausz\u00fcge und\ninsbesondere die \u00dcbernahme oder Weiterverbreitung kompletter Meldungen oder\nsonstiger Artikel der Webseite von uns&nbsp;sind nicht gestattet. Es gelten die\ngesetzlichen Bestimmungen des Urheber- und Kennzeichenrechts.<\/p>\n\n\n\n<p>Das IGB beh\u00e4lt sich das Recht vor, die Nutzung bzw. \u00dcbernahme\nder RSS-Feeds ohne Angabe von Gr\u00fcnden zu untersagen. Wir gew\u00e4hrleisten keine\nVerf\u00fcgbarkeit und \u00fcbernehmen keine Serviceleistungen im Zuge dieses Angebotes.\nInsbesondere behalten wir uns vor, die Feeds jederzeit ohne Ank\u00fcndigung\ntechnisch zu ver\u00e4ndern, zu \u00fcberarbeiten oder sie ganz einzustellen.<\/p>\n\n\n\n<p>Bei Einbindung unserer RSS-Feeds in Webangebote Dritter bitten\nwir um Zusendung des Links an: info(at)igb-berlin.de<\/p>\n\n\n\n<h2 class=\"wp-block-heading\">Plug-ins<\/h2>\n\n\n\n<h3 class=\"wp-block-heading\">Verlinkung von\nYouTube-Videos<\/h3>\n\n\n\n<p>Auf der Webseite AQUATAG wird ein Plug-in der Firma YouTube,\neiner Tochter der Firma Google.inc verwendet. Bei Besuch von Seiten, die mit\ndiesem Plug-in versehen sind, baut sich eine Verbindung zu Servern der Firma\nYouTube auf und YouTube erf\u00e4hrt, dass ein Video \u00fcber die Webseite AQUATAG&nbsp;abgerufen\nwurde. Eine Zuordnung zu Ihrem Profil durch YouTube kann erfolgen, wenn Sie\ngleichzeitig in Ihrem YouTube-Konto eingeloggt sein sollten. Wenn Sie dies\nnicht w\u00fcnschen, sollten Sie sich vor der Nutzung des Plug-ins aus Ihrem\nYouTube-Account ausloggen. Weiterf\u00fchrende Informationen zur Erhebung und\nNutzung Ihrer Daten durch YouTube finden Sie unter&nbsp;<a href=\"https:\/\/www.google.de\/intl\/de\/policies\/privacy\/\"><strong>https:\/\/www.google.de\/intl\/de\/policies\/privacy\/<\/strong><\/a>.<\/p>\n\n\n\n<h3 class=\"wp-block-heading\">Facebook-Disclaimer<\/h3>\n\n\n\n<p>Facebook-Zugangspunkt von der Webseite AQUATAG sind\nsogenannte&nbsp;Plug-ins. Sie erkennen diese Plug-ins am Logo der Firma\nFacebook. Weitere Varianten von Facebook-Plug-ins finden Sie&nbsp;<a href=\"https:\/\/developers.facebook.com\/docs\/plugins\" target=\"_blank\" rel=\"noreferrer noopener\"><strong>hier<\/strong><\/a>. Beim Besuch unserer\nSeiten baut sich mithilfe des Plug-ins eine Verbindung zwischen Ihrem Browser\nund dem Facebook-Server auf. Hierdurch wird Facebook \u00fcber den Kontakt Ihrer\nIP-Adresse mit unserer Webseite informiert. Wenn Sie in Ihrem\nFacebook-Nutzerkonto eingeloggt sind und den &#8220;Teilen&#8221;-Button\nanklicken, werden Inhalte unserer Webseite mit Ihrem Facebook-Profil verlinkt.\nDies erm\u00f6glicht es Facebook, Ihrem Benutzerkonto den Aufenthalt auf unseren\nSeiten zuzuordnen. Das IGB hat keine Kenntnis des Inhalts der auf diesem Weg\n\u00fcbermittelten Daten und hat keine Informationen \u00fcber die\nDatennutzung&nbsp;durch Facebook. Wir verweisen auf die&nbsp;<a href=\"https:\/\/www.facebook.com\/policy.php\" target=\"_blank\" rel=\"noreferrer noopener\"><strong>Datenschutzerkl\u00e4rung der Firma\nFacebook<\/strong><\/a>.<\/p>\n\n\n\n<p>Sollten Sie nicht mit einer Zuordnung der Webseite AQUATAG mit\nIhrem Facebook-Account einverstanden sein, empfehlen wir Ihnen, sich aus Ihrem\nFacebook-Benutzerkonto auszuloggen.<\/p>\n\n\n\n<h3 class=\"wp-block-heading\">Nutzung der\nTwitter-Funktionen<\/h3>\n\n\n\n<p>Twitter ist ein Mikrobloggingdienst der Firma Twitter Inc. Auf\nTwitter k\u00f6nnen angemeldete Nutzer telegrammartige Kurznachrichten verbreiten.\nDie Webseite AQUATAG enth\u00e4lt Funktionen der Firma Twitter Inc. (Adresse des\nAnbieters: 795 Folsom Street, Suite 600, San Francisco, CA 94107, USA). Wenn\nSie Twitter und insbesondere die Funktion Re-Tweet verwenden, verkn\u00fcpft Twitter\nIhren Twitter-Account mit den von Ihnen frequentierten Webseiten. Dies wird\nanderen Nutzern bei Twitter, insbesondere den Abonnenten Ihrer\nTweet-Nachrichten (Follower) bekanntgegeben. Hierbei findet auch eine\nDaten\u00fcbertragung an Twitter statt.<\/p>\n\n\n\n<p>Das IGB, ist zwar Anbieter einer Webseite mit Twitter-Funktionen,\nwird aber von der Firma Twitter nicht \u00fcber den Inhalt der \u00fcbertragenen Daten\nbzw. der Datennutzung informiert. Wir verweisen auf die&nbsp;<a href=\"http:\/\/twitter.com\/privacy\" target=\"_blank\" rel=\"noreferrer noopener\"><strong>Datenschutzerkl\u00e4rung\nder Firma Twitter<\/strong><\/a>.<\/p>\n\n\n\n<p>Sollten Sie es w\u00fcnschen, k\u00f6nnen Sie Ihre\nDatenschutzeinstellungen bei Twitter in Ihren dortigen Kontoeinstellungen\nunter&nbsp;<a href=\"http:\/\/twitter.com\/account\/settings\"><strong>http:\/\/twitter.com\/account\/settings<\/strong><\/a>&nbsp;ver\u00e4ndern.<\/p>\n\n\n\n<h3 class=\"wp-block-heading\">WP Statistics<\/h3>\n\n\n\n<p>\n\nDiese Webseite nutzt das WordPress Analyse Plugin WP Statistics. Anbieter dieses Plugins ist wp-statistics.com. Aus den Daten werden in anonymisierter Form einfache Statistiken erstellt. Dazu werden keine Nutzungsprofile erstellt und auch keine Cookies gesetzt. S\u00e4mtliche von WP Statistics erhobenen Daten werden vollst\u00e4ndig anonymisiert auf diesem Webserver gespeichert. Eine pers\u00f6nliche Identifizierung eines Besuchers ist somit, auch nachtr\u00e4glich, nicht m\u00f6glich.\n\n<\/p>\n\n\n\n<h2 class=\"wp-block-heading\">Daten\u00fcbermittlung<\/h2>\n\n\n\n<p>Ihre personenbezogenen Daten werden nur in den gesetzlich\nerforderlichen F\u00e4llen bzw. zur Strafverfolgung aufgrund von Angriffen auf\nunsere Netzinfrastruktur an staatliche Einrichtungen und Beh\u00f6rden \u00fcbermittelt.\nEine Weitergabe zu anderen Zwecken an Dritte findet nicht statt.<\/p>\n\n\n\n<h2 class=\"wp-block-heading\">Rechte der\nbetroffenen Person<\/h2>\n\n\n\n<p>Werden personenbezogene Daten von Ihnen verarbeitet, sind Sie\nBetroffener i.S.d. DSGVO und es stehen Ihnen &#8211; soweit in Einzelf\u00e4llen keine\ngesetzlichen Ausnahmen zur Anwendung kommen &#8211; folgende Rechte gegen\u00fcber dem\nVerantwortlichen zu:<\/p>\n\n\n\n<ul class=\"wp-block-list\"><li>Widerruf der Einwilligung (Art. 7\n     Abs. 3 DSGVO)<\/li><li>Auskunft (Art. 15 DSGVO)<\/li><li>Berichtigung (Art. 16 DSGVO)<\/li><li>L\u00f6schung (Art. 17 Abs. 1 DSGVO)<\/li><li>Einschr\u00e4nkung der Verarbeitung\n     (Art 18 DSGVO)<\/li><li>Daten\u00fcbertragbarkeit (Art. 20\n     DSGVO)<\/li><li>Widerspruch gegen die Verarbeitung\n     (Art. 21 DSGVO)<\/li><li>Beschwerde bei der\n     Aufsichtsbeh\u00f6rde (Art. 77 DSGVO)<\/li><\/ul>\n\n\n\n<p>F\u00fcr den\nForschungsverbund Berlin e.V. und das IGB ist dies: Die Berliner Beauftragte\nf\u00fcr Datenschutz und Informationsfreiheit, Friedrichstra\u00dfe 219, 10969 Berlin<\/p>","protected":false},"excerpt":{"rendered":"<p>Datenschutzerkl\u00e4rung nach der Datenschutz-Grundverordnung (DSGVO) Wir freuen uns \u00fcber Ihren Besuch auf der Webseite des Forschungsprojektes AQUATAG sowie Ihr damit verbundenes Interesse an unseren Themen. Die Webseite AQUATAG ist ein Angebot des Leibniz-Instituts f\u00fcr Gew\u00e4sser\u00f6kologie und Binnenfischerei (IGB). Nachstehend informieren wir Sie ausf\u00fchrlich \u00fcber den Umgang mit Ihren Daten. Wir verarbeiten personenbezogene Daten, die beim &hellip; <\/p>\n<p class=\"link-more\"><a href=\"https:\/\/aquatag.igb-berlin.de\/en\/impressum\/datenschutz\/\" class=\"more-link\">Continue reading<span class=\"screen-reader-text\"> &#8220;Datenschutz&#8221;<\/span><\/a><\/p>","protected":false},"author":2,"featured_media":0,"parent":353,"menu_order":0,"comment_status":"closed","ping_status":"closed","template":"","meta":{"footnotes":""},"class_list":["post-358","page","type-page","status-publish","hentry"],"_links":{"self":[{"href":"https:\/\/aquatag.igb-berlin.de\/en\/wp-json\/wp\/v2\/pages\/358","targetHints":{"allow":["GET"]}}],"collection":[{"href":"https:\/\/aquatag.igb-berlin.de\/en\/wp-json\/wp\/v2\/pages"}],"about":[{"href":"https:\/\/aquatag.igb-berlin.de\/en\/wp-json\/wp\/v2\/types\/page"}],"author":[{"embeddable":true,"href":"https:\/\/aquatag.igb-berlin.de\/en\/wp-json\/wp\/v2\/users\/2"}],"replies":[{"embeddable":true,"href":"https:\/\/aquatag.igb-berlin.de\/en\/wp-json\/wp\/v2\/comments?post=358"}],"version-history":[{"count":2,"href":"https:\/\/aquatag.igb-berlin.de\/en\/wp-json\/wp\/v2\/pages\/358\/revisions"}],"predecessor-version":[{"id":866,"href":"https:\/\/aquatag.igb-berlin.de\/en\/wp-json\/wp\/v2\/pages\/358\/revisions\/866"}],"up":[{"embeddable":true,"href":"https:\/\/aquatag.igb-berlin.de\/en\/wp-json\/wp\/v2\/pages\/353"}],"wp:attachment":[{"href":"https:\/\/aquatag.igb-berlin.de\/en\/wp-json\/wp\/v2\/media?parent=358"}],"curies":[{"name":"wp","href":"https:\/\/api.w.org\/{rel}","templated":true}]}}