{"id":57,"date":"2019-07-15T15:50:32","date_gmt":"2019-07-15T13:50:32","guid":{"rendered":"http:\/\/aquatag.igb-berlin.de\/?page_id=57"},"modified":"2022-07-29T11:14:47","modified_gmt":"2022-07-29T09:14:47","slug":"startseite","status":"publish","type":"page","link":"https:\/\/aquatag.igb-berlin.de\/en\/","title":{"rendered":"Home"},"content":{"rendered":"<div class=\"wp-block-media-text alignwide has-media-on-the-right\" style=\"grid-template-columns:auto 46%\"><figure class=\"wp-block-media-text__media\"><img loading=\"lazy\" decoding=\"async\" width=\"756\" height=\"245\" src=\"https:\/\/aquatag.igb-berlin.de\/wp-content\/uploads\/2019\/10\/BMBFaquatag-1.png\" alt=\"\" class=\"wp-image-687\" srcset=\"https:\/\/aquatag.igb-berlin.de\/wp-content\/uploads\/2019\/10\/BMBFaquatag-1.png 756w, https:\/\/aquatag.igb-berlin.de\/wp-content\/uploads\/2019\/10\/BMBFaquatag-1-150x49.png 150w, https:\/\/aquatag.igb-berlin.de\/wp-content\/uploads\/2019\/10\/BMBFaquatag-1-300x97.png 300w\" sizes=\"auto, (max-width: 706px) 89vw, (max-width: 767px) 82vw, 740px\" \/><\/figure><div class=\"wp-block-media-text__content\">\n<p style=\"text-align:left\" class=\"has-drop-cap\">Daily recreational uses of rivers and lakes have a an enormous meaning in our society.  <\/p>\n<\/div><\/div>\n\n\n\n<p class=\"has-drop-cap\">The AQUATAG project therefore aims to quantify the uses, effects and preferences of the users from different user groups for the first-time in a harmonized way and to derive new management approaches based on this. To make this possible, it is necessary to fusion different innovative research approaches and data sources on various spatial and temporal scales.<\/p>\n\n\n\n<h2 class=\"wp-block-heading\"><a href=\"https:\/\/aquatag.igb-berlin.de\/en\/abschlussveranstaltung\/\">Hier geht es zur \u00f6ffentlichen Abschlussveranstaltung von AQUATAG: Freizeit am Gew\u00e4sser \u2013 Mensch entspannt, Gew\u00e4sser gestresst?<\/a><\/h2>","protected":false},"excerpt":{"rendered":"<p>Tagesbasierte Freizeitnutzungen an Fl\u00fcssen und Seen haben eine enorme Bedeutung in unserer Gesellschaft. Das Projekt AQUATAG will daher erstmalig die Nutzungen, Effekte und Pr\u00e4ferenzen der Nutzer verschiedener Nutzungsgruppen harmonisiert quantifizieren und darauf basierend neue Managementans\u00e4tze ableiten. Um dies zu erm\u00f6glichen, ist die Zusammenf\u00fchrung verschiedener neuartiger Forschungsans\u00e4tze und Datenquellen auf unterschiedlichen r\u00e4umlichen und zeitlichen Ebenen geplant. &hellip; <\/p>\n<p class=\"link-more\"><a href=\"https:\/\/aquatag.igb-berlin.de\/en\/\" class=\"more-link\">Continue reading<span class=\"screen-reader-text\"> &#8220;Startseite&#8221;<\/span><\/a><\/p>","protected":false},"author":3,"featured_media":0,"parent":0,"menu_order":0,"comment_status":"closed","ping_status":"closed","template":"","meta":{"footnotes":""},"class_list":["post-57","page","type-page","status-publish","hentry"],"_links":{"self":[{"href":"https:\/\/aquatag.igb-berlin.de\/en\/wp-json\/wp\/v2\/pages\/57","targetHints":{"allow":["GET"]}}],"collection":[{"href":"https:\/\/aquatag.igb-berlin.de\/en\/wp-json\/wp\/v2\/pages"}],"about":[{"href":"https:\/\/aquatag.igb-berlin.de\/en\/wp-json\/wp\/v2\/types\/page"}],"author":[{"embeddable":true,"href":"https:\/\/aquatag.igb-berlin.de\/en\/wp-json\/wp\/v2\/users\/3"}],"replies":[{"embeddable":true,"href":"https:\/\/aquatag.igb-berlin.de\/en\/wp-json\/wp\/v2\/comments?post=57"}],"version-history":[{"count":10,"href":"https:\/\/aquatag.igb-berlin.de\/en\/wp-json\/wp\/v2\/pages\/57\/revisions"}],"predecessor-version":[{"id":1170,"href":"https:\/\/aquatag.igb-berlin.de\/en\/wp-json\/wp\/v2\/pages\/57\/revisions\/1170"}],"wp:attachment":[{"href":"https:\/\/aquatag.igb-berlin.de\/en\/wp-json\/wp\/v2\/media?parent=57"}],"curies":[{"name":"wp","href":"https:\/\/api.w.org\/{rel}","templated":true}]}}