{"id":71,"date":"2019-07-15T16:01:54","date_gmt":"2019-07-15T14:01:54","guid":{"rendered":"http:\/\/aquatag.igb-berlin.de\/?page_id=71"},"modified":"2022-02-22T13:25:54","modified_gmt":"2022-02-22T12:25:54","slug":"foerderung","status":"publish","type":"page","link":"https:\/\/aquatag.igb-berlin.de\/en\/foerderung\/","title":{"rendered":"Funding"},"content":{"rendered":"<p><img loading=\"lazy\" decoding=\"async\" width=\"300\" height=\"213\" class=\"wp-image-350\" style=\"width: 300px;\" src=\"https:\/\/aquatag.igb-berlin.de\/wp-content\/uploads\/2019\/08\/BMBF_gef\u00f6rdert-vom_deutsch.jpg\" alt=\"\" srcset=\"https:\/\/aquatag.igb-berlin.de\/wp-content\/uploads\/2019\/08\/BMBF_gef\u00f6rdert-vom_deutsch.jpg 881w, https:\/\/aquatag.igb-berlin.de\/wp-content\/uploads\/2019\/08\/BMBF_gef\u00f6rdert-vom_deutsch-150x106.jpg 150w, https:\/\/aquatag.igb-berlin.de\/wp-content\/uploads\/2019\/08\/BMBF_gef\u00f6rdert-vom_deutsch-300x213.jpg 300w, https:\/\/aquatag.igb-berlin.de\/wp-content\/uploads\/2019\/08\/BMBF_gef\u00f6rdert-vom_deutsch-768x545.jpg 768w\" sizes=\"auto, (max-width: 300px) 100vw, 300px\" \/> Laufzeit: 01.03.2019 &#8211; 30.09.2022<\/p>\n\n\n\n<p>The project \"AQUATAG - Recreational Activities at Inland Waters: Dynamics, Ecological Impacts, Social Significance and Sustainable Management\" is funded by the <a href=\"https:\/\/www.bmbf.de\/\">The responsible project-executing agency is Projekttr\u00e4ger J\u00fclich (PtJ).<\/a> funded under grant number: 02WRM046.<\/p>\n\n\n\n<p> The responsible project-executing agency is <a href=\"https:\/\/www.ptka.kit.edu\/\">Projekttr\u00e4ger Karlsruhe<\/a><\/p>","protected":false},"excerpt":{"rendered":"<p>Laufzeit: 01.03.2019 &#8211; 30.09.2022 Das Vorhaben &#8220;AQUATAG &#8211; Freizeitaktivit\u00e4ten an Binnengew\u00e4ssern: Dynamik, \u00f6kologische Auswirkungen, soziale Bedeutung und nachhaltiges Management&#8221; wird mit Mitteln des Bundesministeriums f\u00fcr Bildung und Forschung unter dem F\u00f6rderkennzeichen: 02WRM046 gef\u00f6rdert. Der zust\u00e4ndige Projekttr\u00e4ger ist der Projekttr\u00e4ger Karlsruhe<\/p>","protected":false},"author":3,"featured_media":0,"parent":0,"menu_order":0,"comment_status":"closed","ping_status":"closed","template":"","meta":{"footnotes":""},"class_list":["post-71","page","type-page","status-publish","hentry"],"_links":{"self":[{"href":"https:\/\/aquatag.igb-berlin.de\/en\/wp-json\/wp\/v2\/pages\/71","targetHints":{"allow":["GET"]}}],"collection":[{"href":"https:\/\/aquatag.igb-berlin.de\/en\/wp-json\/wp\/v2\/pages"}],"about":[{"href":"https:\/\/aquatag.igb-berlin.de\/en\/wp-json\/wp\/v2\/types\/page"}],"author":[{"embeddable":true,"href":"https:\/\/aquatag.igb-berlin.de\/en\/wp-json\/wp\/v2\/users\/3"}],"replies":[{"embeddable":true,"href":"https:\/\/aquatag.igb-berlin.de\/en\/wp-json\/wp\/v2\/comments?post=71"}],"version-history":[{"count":12,"href":"https:\/\/aquatag.igb-berlin.de\/en\/wp-json\/wp\/v2\/pages\/71\/revisions"}],"predecessor-version":[{"id":1088,"href":"https:\/\/aquatag.igb-berlin.de\/en\/wp-json\/wp\/v2\/pages\/71\/revisions\/1088"}],"wp:attachment":[{"href":"https:\/\/aquatag.igb-berlin.de\/en\/wp-json\/wp\/v2\/media?parent=71"}],"curies":[{"name":"wp","href":"https:\/\/api.w.org\/{rel}","templated":true}]}}