{"id":857,"date":"2020-05-20T10:10:52","date_gmt":"2020-05-20T08:10:52","guid":{"rendered":"https:\/\/aquatag.igb-berlin.de\/?page_id=857"},"modified":"2020-05-20T10:13:14","modified_gmt":"2020-05-20T08:13:14","slug":"quiz-2","status":"publish","type":"page","link":"https:\/\/aquatag.igb-berlin.de\/en\/quiz-2\/","title":{"rendered":"Quiz"},"content":{"rendered":"<p>\n\nStelle dich den Herausforderungen und teste dein Wissen bei einem Quiz. Spannende Fragen zu Gew\u00e4sser, Social Media und Aquatag warten auf dich. Wie viel wei\u00dft du wirklich?\n\n<\/p>\n\n\n\n<p style=\"text-align:center\">W\u00e4hle zwischen zwei Kategorien:<\/p>\n\n\n\n<table class=\"wp-block-table aligncenter\"><tbody><tr><td><a href=\"https:\/\/aquatag.igb-berlin.de\/en\/beginner-quiz\/\">Beginner Quiz<\/a><\/td><td><a href=\"https:\/\/aquatag.igb-berlin.de\/en\/fortgeschrittene\/\">Fortgeschrittenen Quiz<\/a><\/td><\/tr><\/tbody><\/table>","protected":false},"excerpt":{"rendered":"<p>Stelle dich den Herausforderungen und teste dein Wissen bei einem Quiz. Spannende Fragen zu Gew\u00e4sser, Social Media und Aquatag warten auf dich. Wie viel wei\u00dft du wirklich? W\u00e4hle zwischen zwei Kategorien: Beginner Quiz Fortgeschrittenen Quiz<\/p>","protected":false},"author":4,"featured_media":0,"parent":0,"menu_order":0,"comment_status":"closed","ping_status":"closed","template":"","meta":{"footnotes":""},"class_list":["post-857","page","type-page","status-publish","hentry"],"_links":{"self":[{"href":"https:\/\/aquatag.igb-berlin.de\/en\/wp-json\/wp\/v2\/pages\/857","targetHints":{"allow":["GET"]}}],"collection":[{"href":"https:\/\/aquatag.igb-berlin.de\/en\/wp-json\/wp\/v2\/pages"}],"about":[{"href":"https:\/\/aquatag.igb-berlin.de\/en\/wp-json\/wp\/v2\/types\/page"}],"author":[{"embeddable":true,"href":"https:\/\/aquatag.igb-berlin.de\/en\/wp-json\/wp\/v2\/users\/4"}],"replies":[{"embeddable":true,"href":"https:\/\/aquatag.igb-berlin.de\/en\/wp-json\/wp\/v2\/comments?post=857"}],"version-history":[{"count":3,"href":"https:\/\/aquatag.igb-berlin.de\/en\/wp-json\/wp\/v2\/pages\/857\/revisions"}],"predecessor-version":[{"id":864,"href":"https:\/\/aquatag.igb-berlin.de\/en\/wp-json\/wp\/v2\/pages\/857\/revisions\/864"}],"wp:attachment":[{"href":"https:\/\/aquatag.igb-berlin.de\/en\/wp-json\/wp\/v2\/media?parent=857"}],"curies":[{"name":"wp","href":"https:\/\/api.w.org\/{rel}","templated":true}]}}